{"id":747,"date":"2022-07-01T17:08:19","date_gmt":"2022-07-01T16:08:19","guid":{"rendered":"https:\/\/indigenous.ie\/leathanach-duchasach\/"},"modified":"2022-12-20T14:20:37","modified_gmt":"2022-12-20T14:20:37","slug":"duchasach","status":"publish","type":"page","link":"https:\/\/indigenous.ie\/ga\/duchasach\/","title":{"rendered":"D\u00fachasach"},"content":{"rendered":"\t<section class=\"section has-parallax\" id=\"section_269360101\">\n\t\t<div class=\"bg section-bg fill bg-fill  \" data-parallax-container=\".section\" data-parallax-background data-parallax=\"-4\">\n\n\t\t\t\n\t\t\t\n\t\t\t\n\n\t\t<\/div>\n\n\t\t<div class=\"section-content relative\">\n\t\t\t\n<div class=\"row\"  id=\"row-731218687\">\n\n\t<div id=\"col-902206710\" class=\"col medium-12 small-12 large-7\"  >\n\t\t<div class=\"col-inner\" style=\"background-color:rgba(255, 255, 255, 0.703);\" >\n\t\t\t\n\t\t\t\n\t<div id=\"text-966768955\" class=\"text\">\n\t\t\n<p style=\"text-align: center;\"><strong>Cad chuige an d\u00fachas a \u00e9ileamh ar oile\u00e1n na h\u00c9ireann?<\/strong><\/p>\n<p><span style=\"font-weight: 400;\">Tugtar cuireadh \u00f3 chro\u00ed duit a bheith p\u00e1irteach in \u00c9irinn Dh\u00fachasach ar an aistear t\u00e1bhachtach seo,\u00a0 D\u00fachasach, n\u00f3 an d\u00fachas a bhaint amach ar an talamh \u00e1lainn seo, <span style=\"text-decoration: underline; color: #00ccff;\" data-text-color=\"primary\"><strong><a style=\"color: #00ccff; text-decoration: underline;\" href=\"https:\/\/indigenous.ie\/members\/\">tr\u00ed bheith i do bhall<\/a><\/strong><\/span>,\u00a0 tr\u00ed ph\u00e1irt a ghlacadh i <a href=\"https:\/\/indigenous.ie\/ga\/turas\/\"><span style=\"text-decoration: underline;\" data-text-color=\"primary\"><strong><span style=\"color: #00ccff; text-decoration: underline;\">dTurais<\/span>,<\/strong><\/span><\/a>\u00a0n\u00f3 tr\u00ed ph\u00e1irt ag glacadh in\u00e1r dTion\u00f3l <span style=\"text-decoration: underline;\" data-text-color=\"primary\"><strong><a href=\"https:\/\/indigenous.ie\/ga\/daingean\/\"><span style=\"color: #00ccff; text-decoration: underline;\">Daingean<\/span>,<\/a><\/strong><\/span>\u00a0i m\u00ed na Bealtaine 2023.<\/span><\/p>\n<div class='yrm-content yrm-content-1 yrm-content-hide  ' id='yrm-oGLbf' data-id='1' data-show-status='false' data-after-action='' style=\"visibility: hidden;height: 0;\">\n\t\t\t<div id='yrm-inner-content-yrm-oGLbf' class='yrm-inner-content-wrapper yrm-cntent-1'>\n<p style=\"font-weight: 400;\"><span style=\"color: #000000;\">C\u00e9 go bhfuil s\u00e9 coitianta glacadh leis go bhfuil neart speiceas planda\u00ed agus ainmhithe d\u00fachasacha ann, n\u00f3 tugtha chun cine\u00e1il sa bhithsf\u00e9ar ar oile\u00e1n na h\u00c9ireann, an dtig linn a aithint gur d\u00fachasaigh iad fosta muintir an oile\u00e1in a ch\u00f3na\u00edonn anseo gl\u00fain i ndiaidh gl\u00faine ?<\/span><\/p>\n<p style=\"font-weight: 400;\"><span style=\"color: #000000;\">Go bun\u00fasach, iad si\u00fad a fh\u00e1sann an\u00edos, a ch\u00f3na\u00edonn, a mhaireann, a ghineann agus a \u00e9agann laistigh den bhithsf\u00e9ar seo, t\u00e1 siad fite fuaite ann. T\u00e1 cult\u00far saini\u00fail shinsir na t\u00edre seo, \u00e1 chur ar aghaidh i dteanga thraidisi\u00fanta, i gceol, i sc\u00e9alta, i gcearda\u00edocht agus eile leis na c\u00e9adta bliain anuas.<\/span><\/p>\n<p style=\"font-weight: 400;\"><span style=\"color: #000000;\">Le d\u00fachas a bhaint amach, mar dh\u00f3igh le bheith rannph\u00e1irteach sa domhan n\u00f3 le bheith fite fuaite ann, tugtar gealltanas go nd\u00e9anfar ceangal leis an Mh\u00e1thair-Chruinne, lena farraig\u00ed agus a huiscebheala\u00ed, agus \u00ed a chaomhn\u00fa agus a chosaint, mar neach beo casta, mothaitheach a chuireann bunriachtanais na beatha ar fail d\u00fainn.<\/span><\/p>\n<p style=\"font-weight: 400;\"><span style=\"color: #000000;\">Taobh thiar den ghealltanas seo n\u00f3 den ch\u00f3ras creidimh seo is l\u00e9ir gurb ann do ghn\u00e9ithe an chult\u00fair a cheangla\u00edonn daoine ar an oile\u00e1n seo:\u00a0 t\u00e1 an Ghaeilge, an teanga n\u00f3 an teanga dh\u00fachais, l\u00e1n d\u2019uigeachta\u00ed, d\u2019fhocail agus de nathanna cainte a spreagann agus bhaineann le smaointeoireacht \u00e9iceach\u00f3rais.<\/span><\/p>\n<p style=\"font-weight: 400;\"><span style=\"color: #000000;\">Le d\u00fachas a \u00e9ileamh ar an oile\u00e1n seo mar shinsir na todhcha\u00ed, is \u00e9 ata i gceist n\u00e1 maireacht\u00e1il de r\u00e9ir luachanna d\u00fachasacha, agus iad a eiseaml\u00e1iri\u00fa do na gl\u00fanta at\u00e1 le teacht, agus seasamh le pobail dh\u00fachasacha ar fud an domhain ar mhaithe le gn\u00e1th\u00f3ga sl\u00e1inti\u00fala a chosaint, a ghr\u00e1 agus a choth\u00fa.<\/span><\/p>\n<\/div>\n\t\t<\/div><div class='yrm-btn-wrapper yrm-btn-wrapper-1 yrm-more-button-wrapper  '\n\t\tdata-custom-more-class-name='' data-custom-less-class-name=''><span title='' data-less-title='' data-more-title='' class='yrm-toggle-expand  yrm-toggle-expand-1 ' data-rel='yrm-oGLbf' data-more='Read more' data-less='Read less'><span class='yrm-text-wrapper yrm-text-wrapper-custom-dimensions'><span class=\"yrm-button-text-1 yrm-button-text-span\">Read more<\/span><\/span><\/span><\/div>\n\t\t\n<style>\n#text-966768955 {\n  font-size: 1.25rem;\n  color: rgb(0,0,0);\n}\n#text-966768955 > * {\n  color: rgb(0,0,0);\n}\n<\/style>\n\t<\/div>\n\t\n\t\t<\/div>\n\t\t\n<style>\n#col-902206710 > .col-inner {\n  padding: 30px 30px 30px 30px;\n  margin: 190px 0px 0px 0px;\n}\n<\/style>\n\t<\/div>\n\n\t\n\n<style>\n#row-731218687 > .col > .col-inner {\n  padding: 30px 30px 30px 30px;\n}\n<\/style>\n<\/div>\n\t\t<\/div>\n\n\t\t\n<style>\n#section_269360101 {\n  padding-top: 50px;\n  padding-bottom: 50px;\n}\n#section_269360101 .section-bg.bg-loaded {\n  background-image: url(https:\/\/indigenous.ie\/wp-content\/uploads\/2022\/11\/JA905188.jpg);\n}\n#section_269360101 .section-bg {\n  background-position: 59% 58%;\n}\n<\/style>\n\t<\/section>\n\t\n","protected":false},"excerpt":{"rendered":"","protected":false},"author":1,"featured_media":0,"parent":0,"menu_order":0,"comment_status":"closed","ping_status":"closed","template":"page-transparent-header.php","meta":{"footnotes":""},"class_list":["post-747","page","type-page","status-publish","hentry"],"yoast_head":"<!-- This site is optimized with the Yoast SEO plugin v26.9 - https:\/\/yoast.com\/product\/yoast-seo-wordpress\/ -->\n<title>D\u00fachasach - Indigenous<\/title>\n<meta name=\"robots\" content=\"index, follow, max-snippet:-1, max-image-preview:large, max-video-preview:-1\" \/>\n<link rel=\"canonical\" href=\"https:\/\/indigenous.ie\/ga\/duchasach\/\" \/>\n<meta property=\"og:locale\" content=\"ga_IE\" \/>\n<meta property=\"og:type\" content=\"article\" \/>\n<meta property=\"og:title\" content=\"D\u00fachasach - Indigenous\" \/>\n<meta property=\"og:url\" content=\"https:\/\/indigenous.ie\/ga\/duchasach\/\" \/>\n<meta property=\"og:site_name\" content=\"Indigenous\" \/>\n<meta property=\"article:modified_time\" content=\"2022-12-20T14:20:37+00:00\" \/>\n<meta name=\"twitter:card\" content=\"summary_large_image\" \/>\n<meta name=\"twitter:label1\" content=\"Est. reading time\" \/>\n\t<meta name=\"twitter:data1\" content=\"2 minutes\" \/>\n<script type=\"application\/ld+json\" class=\"yoast-schema-graph\">{\"@context\":\"https:\/\/schema.org\",\"@graph\":[{\"@type\":\"WebPage\",\"@id\":\"https:\/\/indigenous.ie\/ga\/duchasach\/\",\"url\":\"https:\/\/indigenous.ie\/ga\/duchasach\/\",\"name\":\"D\u00fachasach - Indigenous\",\"isPartOf\":{\"@id\":\"https:\/\/indigenous.ie\/ga\/#website\"},\"datePublished\":\"2022-07-01T16:08:19+00:00\",\"dateModified\":\"2022-12-20T14:20:37+00:00\",\"breadcrumb\":{\"@id\":\"https:\/\/indigenous.ie\/ga\/duchasach\/#breadcrumb\"},\"inLanguage\":\"ga-IE\",\"potentialAction\":[{\"@type\":\"ReadAction\",\"target\":[\"https:\/\/indigenous.ie\/ga\/duchasach\/\"]}]},{\"@type\":\"BreadcrumbList\",\"@id\":\"https:\/\/indigenous.ie\/ga\/duchasach\/#breadcrumb\",\"itemListElement\":[{\"@type\":\"ListItem\",\"position\":1,\"name\":\"Home\",\"item\":\"https:\/\/indigenous.ie\/\"},{\"@type\":\"ListItem\",\"position\":2,\"name\":\"D\u00fachasach\"}]},{\"@type\":\"WebSite\",\"@id\":\"https:\/\/indigenous.ie\/ga\/#website\",\"url\":\"https:\/\/indigenous.ie\/ga\/\",\"name\":\"Indigenous\",\"description\":\"Indigenous Ireland\",\"potentialAction\":[{\"@type\":\"SearchAction\",\"target\":{\"@type\":\"EntryPoint\",\"urlTemplate\":\"https:\/\/indigenous.ie\/ga\/?s={search_term_string}\"},\"query-input\":{\"@type\":\"PropertyValueSpecification\",\"valueRequired\":true,\"valueName\":\"search_term_string\"}}],\"inLanguage\":\"ga-IE\"}]}<\/script>\n<!-- \/ Yoast SEO plugin. -->","yoast_head_json":{"title":"D\u00fachasach - Indigenous","robots":{"index":"index","follow":"follow","max-snippet":"max-snippet:-1","max-image-preview":"max-image-preview:large","max-video-preview":"max-video-preview:-1"},"canonical":"https:\/\/indigenous.ie\/ga\/duchasach\/","og_locale":"ga_IE","og_type":"article","og_title":"D\u00fachasach - Indigenous","og_url":"https:\/\/indigenous.ie\/ga\/duchasach\/","og_site_name":"Indigenous","article_modified_time":"2022-12-20T14:20:37+00:00","twitter_card":"summary_large_image","twitter_misc":{"Est. reading time":"2 minutes"},"schema":{"@context":"https:\/\/schema.org","@graph":[{"@type":"WebPage","@id":"https:\/\/indigenous.ie\/ga\/duchasach\/","url":"https:\/\/indigenous.ie\/ga\/duchasach\/","name":"D\u00fachasach - Indigenous","isPartOf":{"@id":"https:\/\/indigenous.ie\/ga\/#website"},"datePublished":"2022-07-01T16:08:19+00:00","dateModified":"2022-12-20T14:20:37+00:00","breadcrumb":{"@id":"https:\/\/indigenous.ie\/ga\/duchasach\/#breadcrumb"},"inLanguage":"ga-IE","potentialAction":[{"@type":"ReadAction","target":["https:\/\/indigenous.ie\/ga\/duchasach\/"]}]},{"@type":"BreadcrumbList","@id":"https:\/\/indigenous.ie\/ga\/duchasach\/#breadcrumb","itemListElement":[{"@type":"ListItem","position":1,"name":"Home","item":"https:\/\/indigenous.ie\/"},{"@type":"ListItem","position":2,"name":"D\u00fachasach"}]},{"@type":"WebSite","@id":"https:\/\/indigenous.ie\/ga\/#website","url":"https:\/\/indigenous.ie\/ga\/","name":"Indigenous","description":"Indigenous Ireland","potentialAction":[{"@type":"SearchAction","target":{"@type":"EntryPoint","urlTemplate":"https:\/\/indigenous.ie\/ga\/?s={search_term_string}"},"query-input":{"@type":"PropertyValueSpecification","valueRequired":true,"valueName":"search_term_string"}}],"inLanguage":"ga-IE"}]}},"_links":{"self":[{"href":"https:\/\/indigenous.ie\/ga\/wp-json\/wp\/v2\/pages\/747","targetHints":{"allow":["GET"]}}],"collection":[{"href":"https:\/\/indigenous.ie\/ga\/wp-json\/wp\/v2\/pages"}],"about":[{"href":"https:\/\/indigenous.ie\/ga\/wp-json\/wp\/v2\/types\/page"}],"author":[{"embeddable":true,"href":"https:\/\/indigenous.ie\/ga\/wp-json\/wp\/v2\/users\/1"}],"replies":[{"embeddable":true,"href":"https:\/\/indigenous.ie\/ga\/wp-json\/wp\/v2\/comments?post=747"}],"version-history":[{"count":11,"href":"https:\/\/indigenous.ie\/ga\/wp-json\/wp\/v2\/pages\/747\/revisions"}],"predecessor-version":[{"id":978,"href":"https:\/\/indigenous.ie\/ga\/wp-json\/wp\/v2\/pages\/747\/revisions\/978"}],"wp:attachment":[{"href":"https:\/\/indigenous.ie\/ga\/wp-json\/wp\/v2\/media?parent=747"}],"curies":[{"name":"wp","href":"https:\/\/api.w.org\/{rel}","templated":true}]}}