{"id":751,"date":"2022-04-14T17:01:46","date_gmt":"2022-04-14T16:01:46","guid":{"rendered":"https:\/\/indigenous.ie\/leathanach-turas\/"},"modified":"2022-12-22T15:31:33","modified_gmt":"2022-12-22T15:31:33","slug":"turas","status":"publish","type":"page","link":"https:\/\/indigenous.ie\/ga\/turas\/","title":{"rendered":"Turas"},"content":{"rendered":"\n  <div class=\"banner has-hover has-parallax\" id=\"banner-591946874\">\n          <div class=\"banner-inner fill\">\n        <div class=\"banner-bg fill\" data-parallax=\"-3\" data-parallax-container=\".banner\" data-parallax-background>\n            <div class=\"bg fill bg-fill \"><\/div>\n                        <div class=\"overlay\"><\/div>            \n                    <\/div>\n        <div class=\"banner-layers container\">\n            <div class=\"fill banner-link\"><\/div>            \n   <div id=\"text-box-298807975\" class=\"text-box banner-layer x50 md-x50 lg-x50 y85 md-y70 lg-y70 res-text\">\n                                <div class=\"text-box-content text \">\n              \n              <div class=\"text-inner text-center\">\n                  \n\t<div id=\"text-4019429009\" class=\"text\">\n\t\t\n<p class=\"uppercase\"><strong>nature \u00b7 culture \u00b7 ancestry<\/strong><\/p>\n<h3><strong>Indigenous Ireland<\/strong><\/h3>\n\t\t\n<style>\n#text-4019429009 {\n  font-size: 1.5rem;\n}\n<\/style>\n\t<\/div>\n\t\n              <\/div>\n           <\/div>\n                            \n<style>\n#text-box-298807975 {\n  width: 100%;\n}\n#text-box-298807975 .text-box-content {\n  font-size: 100%;\n}\n@media (min-width:550px) {\n  #text-box-298807975 {\n    width: 60%;\n  }\n}\n<\/style>\n    <\/div>\n \n        <\/div>\n      <\/div>\n\n            \n<style>\n#banner-591946874 {\n  padding-top: 570px;\n}\n#banner-591946874 .bg.bg-loaded {\n  background-image: url(https:\/\/indigenous.ie\/wp-content\/uploads\/2022\/11\/JA905277.jpg);\n}\n#banner-591946874 .overlay {\n  background-color: rgba(255, 255, 255, 0.762);\n}\n#banner-591946874 .bg {\n  background-position: 49% 63%;\n}\n<\/style>\n  <\/div>\n\n\n<div class=\"row\"  id=\"row-2136067693\">\n\n\t<div id=\"col-221000649\" class=\"col medium-4 small-12 large-4\"  >\n\t\t<div class=\"col-inner text-center\"  >\n\t\t\t\n\t\t\t\n\t<div class=\"img has-hover x md-x lg-x y md-y lg-y\" id=\"image_1804326311\">\n\t\t\t\t\t\t\t\t<div class=\"img-inner dark\" >\n\t\t\t<img loading=\"lazy\" decoding=\"async\" width=\"900\" height=\"900\" src=\"https:\/\/indigenous.ie\/wp-content\/uploads\/2020\/12\/indigenous-logo-blue.png\" class=\"attachment-large size-large\" alt=\"\" srcset=\"https:\/\/indigenous.ie\/wp-content\/uploads\/2020\/12\/indigenous-logo-blue.png 900w, https:\/\/indigenous.ie\/wp-content\/uploads\/2020\/12\/indigenous-logo-blue-300x300.png 300w, https:\/\/indigenous.ie\/wp-content\/uploads\/2020\/12\/indigenous-logo-blue-100x100.png 100w, https:\/\/indigenous.ie\/wp-content\/uploads\/2020\/12\/indigenous-logo-blue-600x600.png 600w, https:\/\/indigenous.ie\/wp-content\/uploads\/2020\/12\/indigenous-logo-blue-150x150.png 150w, https:\/\/indigenous.ie\/wp-content\/uploads\/2020\/12\/indigenous-logo-blue-768x768.png 768w\" sizes=\"auto, (max-width: 900px) 100vw, 900px\" \/>\t\t\t\t\t\t\n\t\t\t\t\t<\/div>\n\t\t\t\t\t\t\t\t\n<style>\n#image_1804326311 {\n  width: 100%;\n}\n<\/style>\n\t<\/div>\n\t\n\t\t<\/div>\n\t\t\t<\/div>\n\n\t\n\n\t<div id=\"col-586073531\" class=\"col medium-8 small-12 large-8\"  >\n\t\t<div class=\"col-inner\"  >\n\t\t\t\n\t\t\t\n<p><strong>TURAIS SHAINI\u00daLA DH\u00daCHASACHA<\/strong><\/p>\n<p>Tugann \u00c9ire Dh\u00fachasach l\u00e9argas glinn duit ar dh\u00f3igh le bheith eiseach agus mothaitheach,fr\u00e9amhaithe sna d\u00faile, fite fuaite le gach n\u00ed beo, de shliocht na sinsear at\u00e1 adhlactha sa t\u00edr seo.<\/p>\n<p><span data-text-color=\"primary\"><em><strong>Agus iad \u00e1 dtreor\u00fa fr\u00edd thalamh d\u00fachais agus fr\u00edd mhuirdhreacha, tugann gach Turas deiseannacomhth\u00e9acs cult\u00fartha an tsaoil a thuigbhe\u00e1il , saol a bh\u00ed agus at\u00e1 ann go dt\u00ed an l\u00e1 at\u00e1 inniu ann.<br \/>\n<\/strong><\/em><\/span><\/p>\n<p>Cuideoidh muid leatathcheangal le gn\u00e9ithe \u00e9ags\u00fala ghr\u00e9as\u00e1n an tsaoil, iad a choth\u00fa agus a fh\u00ed isteach in\u00e1r gcleachtais laeth\u00fala .<br \/>\nTugann \u00e1r dtreoraithe Turas bua a dtaith\u00ed agus a ndearcadh cult\u00fartha duit a thugann eisp\u00e9ireas duit a chuirfidh t\u00fas le turas br\u00edomhar na nd\u00fal.<\/p>\n\t\t<\/div>\n\t\t\t<\/div>\n\n\t\n<\/div>\n\t<section class=\"section info-card-1\" id=\"section_216071289\">\n\t\t<div class=\"bg section-bg fill bg-fill  bg-loaded\" >\n\n\t\t\t\n\t\t\t\n\t\t\t\n\n\t\t<\/div>\n\n\t\t<div class=\"section-content relative\">\n\t\t\t\n<div class=\"row row-small\"  id=\"row-1965960614\">\n\n\t<div id=\"col-2011827111\" class=\"col medium-6 small-12 large-6\"  >\n\t\t<div class=\"col-inner\"  >\n\t\t\t\n\t\t\t\n\t<div class=\"box has-hover   has-hover box-shadow-1 box-shadow-3-hover box-push box-text-bottom\" >\n\n\t\t<div class=\"box-image\" >\n\t\t\t<a href=\"https:\/\/indigenous.ie\/ga\/turas\/walking-the-edge-ag-siul-ar-an-imeall\/\"  >\t\t\t<div class=\"image-zoom image-cover\" style=\"padding-top:80%;\">\n\t\t\t\t<img loading=\"lazy\" decoding=\"async\" width=\"1024\" height=\"767\" src=\"https:\/\/indigenous.ie\/wp-content\/uploads\/2022\/04\/Amazing-view-Tory-Island-1024x767-1.jpg\" class=\"attachment- size-\" alt=\"\" srcset=\"https:\/\/indigenous.ie\/wp-content\/uploads\/2022\/04\/Amazing-view-Tory-Island-1024x767-1.jpg 1024w, https:\/\/indigenous.ie\/wp-content\/uploads\/2022\/04\/Amazing-view-Tory-Island-1024x767-1-300x225.jpg 300w, https:\/\/indigenous.ie\/wp-content\/uploads\/2022\/04\/Amazing-view-Tory-Island-1024x767-1-768x575.jpg 768w, https:\/\/indigenous.ie\/wp-content\/uploads\/2022\/04\/Amazing-view-Tory-Island-1024x767-1-600x449.jpg 600w\" sizes=\"auto, (max-width: 1024px) 100vw, 1024px\" \/>\t\t\t\t\t\t\t\t\t\t\t<\/div>\n\t\t\t<\/a>\t\t<\/div>\n\n\t\t<div class=\"box-text text-center\" style=\"background-color:rgb(255, 255, 255);padding:20px 5% 20px 5%;\">\n\t\t\t<div class=\"box-text-inner\">\n\t\t\t\t\n<h4>Turas D\u00fachasach<\/h4>\n<p>Faigh eisp\u00e9ireas ar \u00c9irinn n\u00e1d\u00fartha ag an leibh\u00e9al is r\u00e9ala\u00edche agus is l\u00e1idre. Crutha\u00edtear achan turas le c\u00faram agus \u00e9 \u00e1 threor\u00fa ag saineola\u00ed \u00e1iti\u00fail.<\/p>\n<a href=\"https:\/\/indigenous.ie\/ga\/turas\/walking-the-edge-ag-siul-ar-an-imeall\/\" target=\"_self\" class=\"button primary is-underline\"  >\n    <span>F\u00c9ACH TURAIS<\/span>\n  <\/a>\n\n\t\t\t<\/div>\n\t\t<\/div>\n\t<\/div>\n\t\n\t\t<\/div>\n\t\t\t<\/div>\n\n\t\n\n\t<div id=\"col-861586885\" class=\"col medium-6 small-12 large-6\"  >\n\t\t<div class=\"col-inner\"  >\n\t\t\t\n\t\t\t\n\t<div class=\"box has-hover   has-hover box-shadow-1 box-shadow-3-hover box-push box-text-bottom\" >\n\n\t\t<div class=\"box-image\" >\n\t\t\t<a href=\"https:\/\/indigenous.ie\/ga\/turas\/bia-agus-cothu\/\"  >\t\t\t<div class=\"image-zoom image-cover\" style=\"padding-top:75%;\">\n\t\t\t\t<img loading=\"lazy\" decoding=\"async\" width=\"1920\" height=\"920\" src=\"https:\/\/indigenous.ie\/wp-content\/uploads\/2022\/04\/food-nutrition-cover-1.jpg\" class=\"attachment- size-\" alt=\"\" srcset=\"https:\/\/indigenous.ie\/wp-content\/uploads\/2022\/04\/food-nutrition-cover-1.jpg 1920w, https:\/\/indigenous.ie\/wp-content\/uploads\/2022\/04\/food-nutrition-cover-1-300x144.jpg 300w, https:\/\/indigenous.ie\/wp-content\/uploads\/2022\/04\/food-nutrition-cover-1-1024x491.jpg 1024w, https:\/\/indigenous.ie\/wp-content\/uploads\/2022\/04\/food-nutrition-cover-1-768x368.jpg 768w, https:\/\/indigenous.ie\/wp-content\/uploads\/2022\/04\/food-nutrition-cover-1-1536x736.jpg 1536w, https:\/\/indigenous.ie\/wp-content\/uploads\/2022\/04\/food-nutrition-cover-1-600x288.jpg 600w\" sizes=\"auto, (max-width: 1920px) 100vw, 1920px\" \/>\t\t\t\t\t\t\t\t\t\t\t<\/div>\n\t\t\t<\/a>\t\t<\/div>\n\n\t\t<div class=\"box-text text-center\" style=\"background-color:rgb(255, 255, 255);padding:20px 5% 20px 5%;\">\n\t\t\t<div class=\"box-text-inner\">\n\t\t\t\t\n<h4>Bia &amp; Coth\u00fa<\/h4>\n<p>S\u00e1ite i mBlas, tugann muid cuireadh duit do cheangal a ghr\u00edosadh le coth\u00fa d\u2019achan chine\u00e1l, a chuirfidh go m\u00f3r le do chumas saol sl\u00e1inti\u00fail a bhaint amach.<\/p>\n<a href=\"https:\/\/indigenous.ie\/ga\/turas\/bia-agus-cothu\/\" target=\"_self\" class=\"button primary is-underline\"  >\n    <span>L\u00c9IGH N\u00cdOS M\u00d3<\/span>\n  <\/a>\n\n\t\t\t<\/div>\n\t\t<\/div>\n\t<\/div>\n\t\n\t\t<\/div>\n\t\t\t<\/div>\n\n\t\n\n\t<div id=\"col-754178704\" class=\"col medium-6 small-12 large-6\"  >\n\t\t<div class=\"col-inner\"  >\n\t\t\t\n\t\t\t\n\t<div class=\"box has-hover   has-hover box-shadow-1 box-shadow-3-hover box-push box-text-bottom\" >\n\n\t\t<div class=\"box-image\" >\n\t\t\t<a href=\"https:\/\/indigenous.ie\/ga\/turas\/cleachtadh-analu\/\"  >\t\t\t<div class=\"image-zoom image-cover\" style=\"padding-top:80%;\">\n\t\t\t\t<img loading=\"lazy\" decoding=\"async\" width=\"1280\" height=\"720\" src=\"https:\/\/indigenous.ie\/wp-content\/uploads\/2022\/04\/20211030_145644.jpg\" class=\"attachment- size-\" alt=\"\" srcset=\"https:\/\/indigenous.ie\/wp-content\/uploads\/2022\/04\/20211030_145644.jpg 1280w, https:\/\/indigenous.ie\/wp-content\/uploads\/2022\/04\/20211030_145644-300x169.jpg 300w, https:\/\/indigenous.ie\/wp-content\/uploads\/2022\/04\/20211030_145644-1024x576.jpg 1024w, https:\/\/indigenous.ie\/wp-content\/uploads\/2022\/04\/20211030_145644-768x432.jpg 768w, https:\/\/indigenous.ie\/wp-content\/uploads\/2022\/04\/20211030_145644-600x338.jpg 600w\" sizes=\"auto, (max-width: 1280px) 100vw, 1280px\" \/>\t\t\t\t\t\t\t\t\t\t\t<\/div>\n\t\t\t<\/a>\t\t<\/div>\n\n\t\t<div class=\"box-text text-center\" style=\"background-color:rgb(255, 255, 255);padding:20px 5% 20px 5%;\">\n\t\t\t<div class=\"box-text-inner\">\n\t\t\t\t\n<h4>Feidhm na hAn\u00e1la<\/h4>\n<p>An cur chuige at\u00e1 againn maidir le feidhm na han\u00e1la, t\u00e1 s\u00e9 bunaithe ar bhuan\u00fa \u00e1r ngaoil shinsearaigh\u00a0leo si\u00fad a th\u00e1inig romhainn, agus leis na bund\u00faile n\u00e1d\u00fartha a bh\u00edonn thart orainn fr\u00edd an saol.<\/p>\n<a href=\"https:\/\/indigenous.ie\/ga\/turas\/cleachtadh-analu\/\" target=\"_self\" class=\"button primary is-underline\"  >\n    <span>CUIR IN \u00c1IRITHE ANOIS<\/span>\n  <\/a>\n\n\t\t\t<\/div>\n\t\t<\/div>\n\t<\/div>\n\t\n\t\t<\/div>\n\t\t\t<\/div>\n\n\t\n\n\t<div id=\"col-1896957760\" class=\"col medium-6 small-12 large-6\"  >\n\t\t<div class=\"col-inner\"  >\n\t\t\t\n\t\t\t\n\t<div class=\"box has-hover   has-hover box-shadow-1 box-push box-text-bottom\" >\n\n\t\t<div class=\"box-image\" >\n\t\t\t<a href=\"https:\/\/indigenous.ie\/ga\/turas\/uisce-fuar\/\"  >\t\t\t<div class=\"image-zoom image-cover\" style=\"padding-top:76%;\">\n\t\t\t\t<img loading=\"lazy\" decoding=\"async\" width=\"1920\" height=\"920\" src=\"https:\/\/indigenous.ie\/wp-content\/uploads\/2022\/04\/coldwater-cover.jpg\" class=\"attachment- size-\" alt=\"\" srcset=\"https:\/\/indigenous.ie\/wp-content\/uploads\/2022\/04\/coldwater-cover.jpg 1920w, https:\/\/indigenous.ie\/wp-content\/uploads\/2022\/04\/coldwater-cover-300x144.jpg 300w, https:\/\/indigenous.ie\/wp-content\/uploads\/2022\/04\/coldwater-cover-1024x491.jpg 1024w, https:\/\/indigenous.ie\/wp-content\/uploads\/2022\/04\/coldwater-cover-768x368.jpg 768w, https:\/\/indigenous.ie\/wp-content\/uploads\/2022\/04\/coldwater-cover-1536x736.jpg 1536w, https:\/\/indigenous.ie\/wp-content\/uploads\/2022\/04\/coldwater-cover-600x288.jpg 600w\" sizes=\"auto, (max-width: 1920px) 100vw, 1920px\" \/>\t\t\t\t\t\t\t\t\t\t\t<\/div>\n\t\t\t<\/a>\t\t<\/div>\n\n\t\t<div class=\"box-text text-center\" style=\"background-color:rgb(255, 255, 255);padding:20px 5% 20px 5%;\">\n\t\t\t<div class=\"box-text-inner\">\n\t\t\t\t\n<h4>Uisce Fuar<\/h4>\n<p>In \u00c9irinn D\u00fachasach d\u00edr\u00edonn muid ar an t\u00e1bhacht a bhaineann len\u00e1r mbitheola\u00edocht a thabhairt i bhfeidhm. T\u00e1 muid ceangailte go dl\u00fath len\u00e1r mbaile &#8211; roinneann cealla \u00e1r gcorp sreabh\u00e1in leis na haibhneacha, leis na lochanna agus leis na farraig\u00ed sa cheantar m\u00e1guaird.<\/p>\n<a href=\"https:\/\/indigenous.ie\/ga\/turas\/uisce-fuar\/\" target=\"_self\" class=\"button primary is-underline\"  >\n    <span>CUIR IN \u00c1IRITHE ANOIS<\/span>\n  <\/a>\n\n\t\t\t<\/div>\n\t\t<\/div>\n\t<\/div>\n\t\n\t\t<\/div>\n\t\t\t<\/div>\n\n\t\n\n<style>\n#row-1965960614 > .col > .col-inner {\n  background-color: rgb(255,255,255);\n}\n<\/style>\n<\/div>\n\t\t<\/div>\n\n\t\t\n<style>\n#section_216071289 {\n  padding-top: 50px;\n  padding-bottom: 50px;\n  background-color: rgb(239, 239, 239);\n}\n<\/style>\n\t<\/section>\n\t\n","protected":false},"excerpt":{"rendered":"","protected":false},"author":1,"featured_media":0,"parent":0,"menu_order":0,"comment_status":"closed","ping_status":"closed","template":"page-transparent-header.php","meta":{"footnotes":""},"class_list":["post-751","page","type-page","status-publish","hentry"],"yoast_head":"<!-- This site is optimized with the Yoast SEO plugin v26.9 - https:\/\/yoast.com\/product\/yoast-seo-wordpress\/ -->\n<title>Turas - Indigenous<\/title>\n<meta name=\"robots\" content=\"index, follow, max-snippet:-1, max-image-preview:large, max-video-preview:-1\" \/>\n<link rel=\"canonical\" href=\"https:\/\/indigenous.ie\/ga\/turas\/\" \/>\n<meta property=\"og:locale\" content=\"ga_IE\" \/>\n<meta property=\"og:type\" content=\"article\" \/>\n<meta property=\"og:title\" content=\"Turas - Indigenous\" \/>\n<meta property=\"og:url\" content=\"https:\/\/indigenous.ie\/ga\/turas\/\" \/>\n<meta property=\"og:site_name\" content=\"Indigenous\" \/>\n<meta property=\"article:modified_time\" content=\"2022-12-22T15:31:33+00:00\" \/>\n<meta name=\"twitter:card\" content=\"summary_large_image\" \/>\n<meta name=\"twitter:label1\" content=\"Est. reading time\" \/>\n\t<meta name=\"twitter:data1\" content=\"3 minutes\" \/>\n<script type=\"application\/ld+json\" class=\"yoast-schema-graph\">{\"@context\":\"https:\/\/schema.org\",\"@graph\":[{\"@type\":\"WebPage\",\"@id\":\"https:\/\/indigenous.ie\/ga\/turas\/\",\"url\":\"https:\/\/indigenous.ie\/ga\/turas\/\",\"name\":\"Turas - Indigenous\",\"isPartOf\":{\"@id\":\"https:\/\/indigenous.ie\/ga\/#website\"},\"datePublished\":\"2022-04-14T16:01:46+00:00\",\"dateModified\":\"2022-12-22T15:31:33+00:00\",\"breadcrumb\":{\"@id\":\"https:\/\/indigenous.ie\/ga\/turas\/#breadcrumb\"},\"inLanguage\":\"ga-IE\",\"potentialAction\":[{\"@type\":\"ReadAction\",\"target\":[\"https:\/\/indigenous.ie\/ga\/turas\/\"]}]},{\"@type\":\"BreadcrumbList\",\"@id\":\"https:\/\/indigenous.ie\/ga\/turas\/#breadcrumb\",\"itemListElement\":[{\"@type\":\"ListItem\",\"position\":1,\"name\":\"Home\",\"item\":\"https:\/\/indigenous.ie\/\"},{\"@type\":\"ListItem\",\"position\":2,\"name\":\"Turas\"}]},{\"@type\":\"WebSite\",\"@id\":\"https:\/\/indigenous.ie\/ga\/#website\",\"url\":\"https:\/\/indigenous.ie\/ga\/\",\"name\":\"Indigenous\",\"description\":\"Indigenous Ireland\",\"potentialAction\":[{\"@type\":\"SearchAction\",\"target\":{\"@type\":\"EntryPoint\",\"urlTemplate\":\"https:\/\/indigenous.ie\/ga\/?s={search_term_string}\"},\"query-input\":{\"@type\":\"PropertyValueSpecification\",\"valueRequired\":true,\"valueName\":\"search_term_string\"}}],\"inLanguage\":\"ga-IE\"}]}<\/script>\n<!-- \/ Yoast SEO plugin. -->","yoast_head_json":{"title":"Turas - Indigenous","robots":{"index":"index","follow":"follow","max-snippet":"max-snippet:-1","max-image-preview":"max-image-preview:large","max-video-preview":"max-video-preview:-1"},"canonical":"https:\/\/indigenous.ie\/ga\/turas\/","og_locale":"ga_IE","og_type":"article","og_title":"Turas - Indigenous","og_url":"https:\/\/indigenous.ie\/ga\/turas\/","og_site_name":"Indigenous","article_modified_time":"2022-12-22T15:31:33+00:00","twitter_card":"summary_large_image","twitter_misc":{"Est. reading time":"3 minutes"},"schema":{"@context":"https:\/\/schema.org","@graph":[{"@type":"WebPage","@id":"https:\/\/indigenous.ie\/ga\/turas\/","url":"https:\/\/indigenous.ie\/ga\/turas\/","name":"Turas - Indigenous","isPartOf":{"@id":"https:\/\/indigenous.ie\/ga\/#website"},"datePublished":"2022-04-14T16:01:46+00:00","dateModified":"2022-12-22T15:31:33+00:00","breadcrumb":{"@id":"https:\/\/indigenous.ie\/ga\/turas\/#breadcrumb"},"inLanguage":"ga-IE","potentialAction":[{"@type":"ReadAction","target":["https:\/\/indigenous.ie\/ga\/turas\/"]}]},{"@type":"BreadcrumbList","@id":"https:\/\/indigenous.ie\/ga\/turas\/#breadcrumb","itemListElement":[{"@type":"ListItem","position":1,"name":"Home","item":"https:\/\/indigenous.ie\/"},{"@type":"ListItem","position":2,"name":"Turas"}]},{"@type":"WebSite","@id":"https:\/\/indigenous.ie\/ga\/#website","url":"https:\/\/indigenous.ie\/ga\/","name":"Indigenous","description":"Indigenous Ireland","potentialAction":[{"@type":"SearchAction","target":{"@type":"EntryPoint","urlTemplate":"https:\/\/indigenous.ie\/ga\/?s={search_term_string}"},"query-input":{"@type":"PropertyValueSpecification","valueRequired":true,"valueName":"search_term_string"}}],"inLanguage":"ga-IE"}]}},"_links":{"self":[{"href":"https:\/\/indigenous.ie\/ga\/wp-json\/wp\/v2\/pages\/751","targetHints":{"allow":["GET"]}}],"collection":[{"href":"https:\/\/indigenous.ie\/ga\/wp-json\/wp\/v2\/pages"}],"about":[{"href":"https:\/\/indigenous.ie\/ga\/wp-json\/wp\/v2\/types\/page"}],"author":[{"embeddable":true,"href":"https:\/\/indigenous.ie\/ga\/wp-json\/wp\/v2\/users\/1"}],"replies":[{"embeddable":true,"href":"https:\/\/indigenous.ie\/ga\/wp-json\/wp\/v2\/comments?post=751"}],"version-history":[{"count":9,"href":"https:\/\/indigenous.ie\/ga\/wp-json\/wp\/v2\/pages\/751\/revisions"}],"predecessor-version":[{"id":840,"href":"https:\/\/indigenous.ie\/ga\/wp-json\/wp\/v2\/pages\/751\/revisions\/840"}],"wp:attachment":[{"href":"https:\/\/indigenous.ie\/ga\/wp-json\/wp\/v2\/media?parent=751"}],"curies":[{"name":"wp","href":"https:\/\/api.w.org\/{rel}","templated":true}]}}