{"id":672,"date":"2022-04-28T18:44:03","date_gmt":"2022-04-28T17:44:03","guid":{"rendered":"https:\/\/indigenous.ie\/turas\/bia-agus-cothu\/"},"modified":"2022-10-12T06:13:14","modified_gmt":"2022-10-12T05:13:14","slug":"bia-agus-cothu","status":"publish","type":"product","link":"https:\/\/indigenous.ie\/ga\/turas\/bia-agus-cothu\/","title":{"rendered":"Bia agus Coth\u00fa"},"content":{"rendered":"","protected":false},"excerpt":{"rendered":"[zoomsounds id=&#8221;food-and-nutrition&#8221;]\n<p>T\u00e1 coth\u00fa d\u00fachasach (daonna agus neamhdhaonna) i 5 chatag\u00f3ir at\u00e1 chomh t\u00e1bhachtach c\u00e9anna in\u00e1r saol agus i saol \u00e1r sinsear:<\/p>\n<p>Bithphilic, Sinseartha, S\u00f3isialta, Cin\u00e9iteach agus Inchaite n\u00f3 Inite.<\/p>\n<p>Ar mhaithe le coth\u00fa cothrom mar dhaoine beo, n\u00ed m\u00f3r d\u00fainn na beala\u00ed \u00e9ags\u00fala seo a chleachtadh agus a urram\u00fa chun muid f\u00e9in agus \u00e1r dteaghlach agus \u00e1r gcairde a choth\u00fa.<\/p>\n<p><span class=\"Apple-converted-space\">Aithn\u00edmid sl\u00e1inte agus eagna ratha\u00edonn n\u00ed hamh\u00e1in ag ithe bia coth\u00fail ach tr\u00ed ath-ail\u00edni\u00fa \u00e1r gcaidreamh le gach cine\u00e1l cothaithe feidhmi\u00fail. <\/span><\/p>\n<p><strong>Coth\u00fa Bithphilic<\/strong> \u2014 teagmh\u00e1il agus tumadh leis an domhan n\u00e1d\u00fartha \u2018An D\u00falra\u2019. \u201cGr\u00e1 na Beatha\u201d. \u00c1r gcumas n\u00e1d\u00fartha agus imtharraingt lena mbaineann a choth\u00fa agus cumars\u00e1id a dh\u00e9anamh le cr\u00e9at\u00fair beo eile, timpeallachta\u00ed n\u00e1d\u00fartha agus timthriallta.<\/p>\n<p><strong>Coth\u00fa Sinseartha<\/strong> \u2014 ag foghlaim faoin\u00e1r n-oidhreacht ghinealais \u2018Na Sinsear\u2019 lena n-\u00e1ir\u00edtear na deolchair\u00ed agus leagann s\u00e9 b\u00e9im air, mar is eol d\u00fainn cad a mh\u00faineann s\u00e9 d\u00fainn.<\/p>\n<p><strong>Coth\u00fa S\u00f3isialta<\/strong> \u2014 ag l\u00e9iri\u00fa conas a chotha\u00edonn pobail daoine n\u00f3 \u2018Tuatha\u2019 a ch\u00e9ile tr\u00ed theagmh\u00e1il thac\u00fail, tr\u00ed chumars\u00e1id, tr\u00ed aitheantas agus tr\u00ed admh\u00e1il. Ar leibh\u00e9al fisici\u00fail pearsanta, cialla\u00edonn s\u00e9 seo teagmh\u00e1il agus ionchorpra\u00edonn s\u00e9 conas a chuireann gr\u00e1, gn\u00e9as agus intimacy le beogacht.<\/p>\n<p><strong>Cotha\u00edonn Coth\u00fa cin\u00e9iteach<\/strong> \u2014len\u00e1r mian n\u00e1d\u00fartha gluaiseacht, gn\u00edomh\u00fa sa sp\u00e1s agus cleachtadh a dh\u00e9anamh ar \u00e1r gcorp fisici\u00fail, \u2018An Corp\u2019. Bogaimid chun \u00e1r gc\u00f3ras cn\u00e1mh-mat\u00e1nach a choth\u00fa \u2014 is g\u00e1 coth\u00fa cin\u00e9iteach a bheith rath\u00fail ar \u00e1r mat\u00e1in, ar chlaon\u00e1in, ar ballnaisc agus ar chn\u00e1mha. N\u00ed m\u00f3r \u00e1r f\u00edoch\u00e1in strus fisici\u00fail, friota\u00edocht agus gluaiseacht chun beatha.<\/p>\n<p><strong>Coth\u00fa inite<\/strong> \u2014 breathna\u00edtear ar an gcaidreamh at\u00e1 againn le bia n\u00f3 \u2018Bia\u2019 a dh\u00edle\u00e1. Is bia inl\u00e1imhsithe \u00e9 seo a ithimid go laeth\u00fail agus conas is f\u00e9idir linn sinn f\u00e9in a ail\u00edni\u00fa le tionscnamh g\u00e9initeach an bhia mar chuid de chise\u00e1n bia \u00e1r sinsear. Cuims\u00edonn s\u00e9 oidis leighis n\u00e1d\u00fartha is f\u00e9idir linn a \u00fas\u00e1id chun \u00e1r n-iont\u00f3g\u00e1il a chothrom\u00fa agus an chaoi a bhfuil neart\u00fa bia faoi chaidreamh a chruth\u00fa leis an ganntanas agus leis an raidhse araon mar chuid de thimthriallta n\u00e1d\u00fartha na s\u00e9as\u00far. I dt\u00e9arma\u00ed praitici\u00fala, t\u00e1 s\u00e9 mar gheall ar an gcoth\u00fa agus an coth\u00fa a dh\u00e9anaimid c\u00f3caireacht n\u00f3 cogaint agus slog, a eitil, a fh\u00e1s n\u00f3 a shn\u00e1mh a chuir muid, a ghabh\u00e1il n\u00f3 a cheannach le hithe.<\/p>\n","protected":false},"featured_media":1209,"template":"","meta":[],"product_brand":[],"product_cat":[15,31],"product_tag":[],"class_list":{"0":"post-672","1":"product","2":"type-product","3":"status-publish","4":"has-post-thumbnail","6":"product_cat-uncategorized","7":"product_cat-services-ga","9":"first","10":"instock","11":"virtual","12":"sold-individually","13":"purchasable","14":"product-type-booking"},"yoast_head":"<!-- This site is optimized with the Yoast SEO plugin v26.9 - https:\/\/yoast.com\/product\/yoast-seo-wordpress\/ -->\n<title>Bia agus Coth\u00fa - Indigenous<\/title>\n<meta name=\"robots\" content=\"index, follow, max-snippet:-1, max-image-preview:large, max-video-preview:-1\" \/>\n<link rel=\"canonical\" href=\"https:\/\/indigenous.ie\/ga\/turas\/bia-agus-cothu\/\" \/>\n<meta property=\"og:locale\" content=\"ga_IE\" \/>\n<meta property=\"og:type\" content=\"article\" \/>\n<meta property=\"og:title\" content=\"Bia agus Coth\u00fa - Indigenous\" \/>\n<meta property=\"og:description\" content=\"[zoomsounds id=&quot;food-and-nutrition&quot;]  T\u00e1 coth\u00fa d\u00fachasach (daonna agus neamhdhaonna) i 5 chatag\u00f3ir at\u00e1 chomh t\u00e1bhachtach c\u00e9anna in\u00e1r saol agus i saol \u00e1r sinsear:  Bithphilic, Sinseartha, S\u00f3isialta, Cin\u00e9iteach agus Inchaite n\u00f3 Inite.  Ar mhaithe le coth\u00fa cothrom mar dhaoine beo, n\u00ed m\u00f3r d\u00fainn na beala\u00ed \u00e9ags\u00fala seo a chleachtadh agus a urram\u00fa chun muid f\u00e9in agus \u00e1r dteaghlach agus \u00e1r gcairde a choth\u00fa.  Aithn\u00edmid sl\u00e1inte agus eagna ratha\u00edonn n\u00ed hamh\u00e1in ag ithe bia coth\u00fail ach tr\u00ed ath-ail\u00edni\u00fa \u00e1r gcaidreamh le gach cine\u00e1l cothaithe feidhmi\u00fail.   Coth\u00fa Bithphilic \u2014 teagmh\u00e1il agus tumadh leis an domhan n\u00e1d\u00fartha \u2018An D\u00falra\u2019. \u201cGr\u00e1 na Beatha\u201d. \u00c1r gcumas n\u00e1d\u00fartha agus imtharraingt lena mbaineann a choth\u00fa agus cumars\u00e1id a dh\u00e9anamh le cr\u00e9at\u00fair beo eile, timpeallachta\u00ed n\u00e1d\u00fartha agus timthriallta.  Coth\u00fa Sinseartha \u2014 ag foghlaim faoin\u00e1r n-oidhreacht ghinealais \u2018Na Sinsear\u2019 lena n-\u00e1ir\u00edtear na deolchair\u00ed agus leagann s\u00e9 b\u00e9im air, mar is eol d\u00fainn cad a mh\u00faineann s\u00e9 d\u00fainn.  Coth\u00fa S\u00f3isialta \u2014 ag l\u00e9iri\u00fa conas a chotha\u00edonn pobail daoine n\u00f3 \u2018Tuatha\u2019 a ch\u00e9ile tr\u00ed theagmh\u00e1il thac\u00fail, tr\u00ed chumars\u00e1id, tr\u00ed aitheantas agus tr\u00ed admh\u00e1il. Ar leibh\u00e9al fisici\u00fail pearsanta, cialla\u00edonn s\u00e9 seo teagmh\u00e1il agus ionchorpra\u00edonn s\u00e9 conas a chuireann gr\u00e1, gn\u00e9as agus intimacy le beogacht.  Cotha\u00edonn Coth\u00fa cin\u00e9iteach \u2014len\u00e1r mian n\u00e1d\u00fartha gluaiseacht, gn\u00edomh\u00fa sa sp\u00e1s agus cleachtadh a dh\u00e9anamh ar \u00e1r gcorp fisici\u00fail, \u2018An Corp\u2019. Bogaimid chun \u00e1r gc\u00f3ras cn\u00e1mh-mat\u00e1nach a choth\u00fa \u2014 is g\u00e1 coth\u00fa cin\u00e9iteach a bheith rath\u00fail ar \u00e1r mat\u00e1in, ar chlaon\u00e1in, ar ballnaisc agus ar chn\u00e1mha. N\u00ed m\u00f3r \u00e1r f\u00edoch\u00e1in strus fisici\u00fail, friota\u00edocht agus gluaiseacht chun beatha.  Coth\u00fa inite \u2014 breathna\u00edtear ar an gcaidreamh at\u00e1 againn le bia n\u00f3 \u2018Bia\u2019 a dh\u00edle\u00e1. Is bia inl\u00e1imhsithe \u00e9 seo a ithimid go laeth\u00fail agus conas is f\u00e9idir linn sinn f\u00e9in a ail\u00edni\u00fa le tionscnamh g\u00e9initeach an bhia mar chuid de chise\u00e1n bia \u00e1r sinsear. Cuims\u00edonn s\u00e9 oidis leighis n\u00e1d\u00fartha is f\u00e9idir linn a \u00fas\u00e1id chun \u00e1r n-iont\u00f3g\u00e1il a chothrom\u00fa agus an chaoi a bhfuil neart\u00fa bia faoi chaidreamh a chruth\u00fa leis an ganntanas agus leis an raidhse araon mar chuid de thimthriallta n\u00e1d\u00fartha na s\u00e9as\u00far. I dt\u00e9arma\u00ed praitici\u00fala, t\u00e1 s\u00e9 mar gheall ar an gcoth\u00fa agus an coth\u00fa a dh\u00e9anaimid c\u00f3caireacht n\u00f3 cogaint agus slog, a eitil, a fh\u00e1s n\u00f3 a shn\u00e1mh a chuir muid, a ghabh\u00e1il n\u00f3 a cheannach le hithe.\" \/>\n<meta property=\"og:url\" content=\"https:\/\/indigenous.ie\/ga\/turas\/bia-agus-cothu\/\" \/>\n<meta property=\"og:site_name\" content=\"Indigenous\" \/>\n<meta property=\"article:modified_time\" content=\"2022-10-12T05:13:14+00:00\" \/>\n<meta property=\"og:image\" content=\"https:\/\/indigenous.ie\/wp-content\/uploads\/2022\/04\/20220430_083933.jpeg\" \/>\n\t<meta property=\"og:image:width\" content=\"1200\" \/>\n\t<meta property=\"og:image:height\" content=\"675\" \/>\n\t<meta property=\"og:image:type\" content=\"image\/jpeg\" \/>\n<meta name=\"twitter:card\" content=\"summary_large_image\" \/>\n<script type=\"application\/ld+json\" class=\"yoast-schema-graph\">{\"@context\":\"https:\/\/schema.org\",\"@graph\":[{\"@type\":\"WebPage\",\"@id\":\"https:\/\/indigenous.ie\/ga\/turas\/bia-agus-cothu\/\",\"url\":\"https:\/\/indigenous.ie\/ga\/turas\/bia-agus-cothu\/\",\"name\":\"Bia agus Coth\u00fa - Indigenous\",\"isPartOf\":{\"@id\":\"https:\/\/indigenous.ie\/ga\/#website\"},\"primaryImageOfPage\":{\"@id\":\"https:\/\/indigenous.ie\/ga\/turas\/bia-agus-cothu\/#primaryimage\"},\"image\":{\"@id\":\"https:\/\/indigenous.ie\/ga\/turas\/bia-agus-cothu\/#primaryimage\"},\"thumbnailUrl\":\"https:\/\/indigenous.ie\/wp-content\/uploads\/2022\/04\/20220430_083933.jpeg\",\"datePublished\":\"2022-04-28T17:44:03+00:00\",\"dateModified\":\"2022-10-12T05:13:14+00:00\",\"breadcrumb\":{\"@id\":\"https:\/\/indigenous.ie\/ga\/turas\/bia-agus-cothu\/#breadcrumb\"},\"inLanguage\":\"ga-IE\",\"potentialAction\":[{\"@type\":\"ReadAction\",\"target\":[\"https:\/\/indigenous.ie\/ga\/turas\/bia-agus-cothu\/\"]}]},{\"@type\":\"ImageObject\",\"inLanguage\":\"ga-IE\",\"@id\":\"https:\/\/indigenous.ie\/ga\/turas\/bia-agus-cothu\/#primaryimage\",\"url\":\"https:\/\/indigenous.ie\/wp-content\/uploads\/2022\/04\/20220430_083933.jpeg\",\"contentUrl\":\"https:\/\/indigenous.ie\/wp-content\/uploads\/2022\/04\/20220430_083933.jpeg\",\"width\":1200,\"height\":675},{\"@type\":\"BreadcrumbList\",\"@id\":\"https:\/\/indigenous.ie\/ga\/turas\/bia-agus-cothu\/#breadcrumb\",\"itemListElement\":[{\"@type\":\"ListItem\",\"position\":1,\"name\":\"Home\",\"item\":\"https:\/\/indigenous.ie\/\"},{\"@type\":\"ListItem\",\"position\":2,\"name\":\"Shop\",\"item\":\"https:\/\/indigenous.ie\/shop\/\"},{\"@type\":\"ListItem\",\"position\":3,\"name\":\"Bia agus Coth\u00fa\"}]},{\"@type\":\"WebSite\",\"@id\":\"https:\/\/indigenous.ie\/ga\/#website\",\"url\":\"https:\/\/indigenous.ie\/ga\/\",\"name\":\"Indigenous\",\"description\":\"Indigenous Ireland\",\"potentialAction\":[{\"@type\":\"SearchAction\",\"target\":{\"@type\":\"EntryPoint\",\"urlTemplate\":\"https:\/\/indigenous.ie\/ga\/?s={search_term_string}\"},\"query-input\":{\"@type\":\"PropertyValueSpecification\",\"valueRequired\":true,\"valueName\":\"search_term_string\"}}],\"inLanguage\":\"ga-IE\"}]}<\/script>\n<!-- \/ Yoast SEO plugin. -->","yoast_head_json":{"title":"Bia agus Coth\u00fa - Indigenous","robots":{"index":"index","follow":"follow","max-snippet":"max-snippet:-1","max-image-preview":"max-image-preview:large","max-video-preview":"max-video-preview:-1"},"canonical":"https:\/\/indigenous.ie\/ga\/turas\/bia-agus-cothu\/","og_locale":"ga_IE","og_type":"article","og_title":"Bia agus Coth\u00fa - Indigenous","og_description":"[zoomsounds id=\"food-and-nutrition\"]  T\u00e1 coth\u00fa d\u00fachasach (daonna agus neamhdhaonna) i 5 chatag\u00f3ir at\u00e1 chomh t\u00e1bhachtach c\u00e9anna in\u00e1r saol agus i saol \u00e1r sinsear:  Bithphilic, Sinseartha, S\u00f3isialta, Cin\u00e9iteach agus Inchaite n\u00f3 Inite.  Ar mhaithe le coth\u00fa cothrom mar dhaoine beo, n\u00ed m\u00f3r d\u00fainn na beala\u00ed \u00e9ags\u00fala seo a chleachtadh agus a urram\u00fa chun muid f\u00e9in agus \u00e1r dteaghlach agus \u00e1r gcairde a choth\u00fa.  Aithn\u00edmid sl\u00e1inte agus eagna ratha\u00edonn n\u00ed hamh\u00e1in ag ithe bia coth\u00fail ach tr\u00ed ath-ail\u00edni\u00fa \u00e1r gcaidreamh le gach cine\u00e1l cothaithe feidhmi\u00fail.   Coth\u00fa Bithphilic \u2014 teagmh\u00e1il agus tumadh leis an domhan n\u00e1d\u00fartha \u2018An D\u00falra\u2019. \u201cGr\u00e1 na Beatha\u201d. \u00c1r gcumas n\u00e1d\u00fartha agus imtharraingt lena mbaineann a choth\u00fa agus cumars\u00e1id a dh\u00e9anamh le cr\u00e9at\u00fair beo eile, timpeallachta\u00ed n\u00e1d\u00fartha agus timthriallta.  Coth\u00fa Sinseartha \u2014 ag foghlaim faoin\u00e1r n-oidhreacht ghinealais \u2018Na Sinsear\u2019 lena n-\u00e1ir\u00edtear na deolchair\u00ed agus leagann s\u00e9 b\u00e9im air, mar is eol d\u00fainn cad a mh\u00faineann s\u00e9 d\u00fainn.  Coth\u00fa S\u00f3isialta \u2014 ag l\u00e9iri\u00fa conas a chotha\u00edonn pobail daoine n\u00f3 \u2018Tuatha\u2019 a ch\u00e9ile tr\u00ed theagmh\u00e1il thac\u00fail, tr\u00ed chumars\u00e1id, tr\u00ed aitheantas agus tr\u00ed admh\u00e1il. Ar leibh\u00e9al fisici\u00fail pearsanta, cialla\u00edonn s\u00e9 seo teagmh\u00e1il agus ionchorpra\u00edonn s\u00e9 conas a chuireann gr\u00e1, gn\u00e9as agus intimacy le beogacht.  Cotha\u00edonn Coth\u00fa cin\u00e9iteach \u2014len\u00e1r mian n\u00e1d\u00fartha gluaiseacht, gn\u00edomh\u00fa sa sp\u00e1s agus cleachtadh a dh\u00e9anamh ar \u00e1r gcorp fisici\u00fail, \u2018An Corp\u2019. Bogaimid chun \u00e1r gc\u00f3ras cn\u00e1mh-mat\u00e1nach a choth\u00fa \u2014 is g\u00e1 coth\u00fa cin\u00e9iteach a bheith rath\u00fail ar \u00e1r mat\u00e1in, ar chlaon\u00e1in, ar ballnaisc agus ar chn\u00e1mha. N\u00ed m\u00f3r \u00e1r f\u00edoch\u00e1in strus fisici\u00fail, friota\u00edocht agus gluaiseacht chun beatha.  Coth\u00fa inite \u2014 breathna\u00edtear ar an gcaidreamh at\u00e1 againn le bia n\u00f3 \u2018Bia\u2019 a dh\u00edle\u00e1. Is bia inl\u00e1imhsithe \u00e9 seo a ithimid go laeth\u00fail agus conas is f\u00e9idir linn sinn f\u00e9in a ail\u00edni\u00fa le tionscnamh g\u00e9initeach an bhia mar chuid de chise\u00e1n bia \u00e1r sinsear. Cuims\u00edonn s\u00e9 oidis leighis n\u00e1d\u00fartha is f\u00e9idir linn a \u00fas\u00e1id chun \u00e1r n-iont\u00f3g\u00e1il a chothrom\u00fa agus an chaoi a bhfuil neart\u00fa bia faoi chaidreamh a chruth\u00fa leis an ganntanas agus leis an raidhse araon mar chuid de thimthriallta n\u00e1d\u00fartha na s\u00e9as\u00far. I dt\u00e9arma\u00ed praitici\u00fala, t\u00e1 s\u00e9 mar gheall ar an gcoth\u00fa agus an coth\u00fa a dh\u00e9anaimid c\u00f3caireacht n\u00f3 cogaint agus slog, a eitil, a fh\u00e1s n\u00f3 a shn\u00e1mh a chuir muid, a ghabh\u00e1il n\u00f3 a cheannach le hithe.","og_url":"https:\/\/indigenous.ie\/ga\/turas\/bia-agus-cothu\/","og_site_name":"Indigenous","article_modified_time":"2022-10-12T05:13:14+00:00","og_image":[{"width":1200,"height":675,"url":"https:\/\/indigenous.ie\/wp-content\/uploads\/2022\/04\/20220430_083933.jpeg","type":"image\/jpeg"}],"twitter_card":"summary_large_image","schema":{"@context":"https:\/\/schema.org","@graph":[{"@type":"WebPage","@id":"https:\/\/indigenous.ie\/ga\/turas\/bia-agus-cothu\/","url":"https:\/\/indigenous.ie\/ga\/turas\/bia-agus-cothu\/","name":"Bia agus Coth\u00fa - Indigenous","isPartOf":{"@id":"https:\/\/indigenous.ie\/ga\/#website"},"primaryImageOfPage":{"@id":"https:\/\/indigenous.ie\/ga\/turas\/bia-agus-cothu\/#primaryimage"},"image":{"@id":"https:\/\/indigenous.ie\/ga\/turas\/bia-agus-cothu\/#primaryimage"},"thumbnailUrl":"https:\/\/indigenous.ie\/wp-content\/uploads\/2022\/04\/20220430_083933.jpeg","datePublished":"2022-04-28T17:44:03+00:00","dateModified":"2022-10-12T05:13:14+00:00","breadcrumb":{"@id":"https:\/\/indigenous.ie\/ga\/turas\/bia-agus-cothu\/#breadcrumb"},"inLanguage":"ga-IE","potentialAction":[{"@type":"ReadAction","target":["https:\/\/indigenous.ie\/ga\/turas\/bia-agus-cothu\/"]}]},{"@type":"ImageObject","inLanguage":"ga-IE","@id":"https:\/\/indigenous.ie\/ga\/turas\/bia-agus-cothu\/#primaryimage","url":"https:\/\/indigenous.ie\/wp-content\/uploads\/2022\/04\/20220430_083933.jpeg","contentUrl":"https:\/\/indigenous.ie\/wp-content\/uploads\/2022\/04\/20220430_083933.jpeg","width":1200,"height":675},{"@type":"BreadcrumbList","@id":"https:\/\/indigenous.ie\/ga\/turas\/bia-agus-cothu\/#breadcrumb","itemListElement":[{"@type":"ListItem","position":1,"name":"Home","item":"https:\/\/indigenous.ie\/"},{"@type":"ListItem","position":2,"name":"Shop","item":"https:\/\/indigenous.ie\/shop\/"},{"@type":"ListItem","position":3,"name":"Bia agus Coth\u00fa"}]},{"@type":"WebSite","@id":"https:\/\/indigenous.ie\/ga\/#website","url":"https:\/\/indigenous.ie\/ga\/","name":"Indigenous","description":"Indigenous Ireland","potentialAction":[{"@type":"SearchAction","target":{"@type":"EntryPoint","urlTemplate":"https:\/\/indigenous.ie\/ga\/?s={search_term_string}"},"query-input":{"@type":"PropertyValueSpecification","valueRequired":true,"valueName":"search_term_string"}}],"inLanguage":"ga-IE"}]}},"_links":{"self":[{"href":"https:\/\/indigenous.ie\/ga\/wp-json\/wp\/v2\/product\/672","targetHints":{"allow":["GET"]}}],"collection":[{"href":"https:\/\/indigenous.ie\/ga\/wp-json\/wp\/v2\/product"}],"about":[{"href":"https:\/\/indigenous.ie\/ga\/wp-json\/wp\/v2\/types\/product"}],"wp:featuredmedia":[{"embeddable":true,"href":"https:\/\/indigenous.ie\/ga\/wp-json\/wp\/v2\/media\/1209"}],"wp:attachment":[{"href":"https:\/\/indigenous.ie\/ga\/wp-json\/wp\/v2\/media?parent=672"}],"wp:term":[{"taxonomy":"product_brand","embeddable":true,"href":"https:\/\/indigenous.ie\/ga\/wp-json\/wp\/v2\/product_brand?post=672"},{"taxonomy":"product_cat","embeddable":true,"href":"https:\/\/indigenous.ie\/ga\/wp-json\/wp\/v2\/product_cat?post=672"},{"taxonomy":"product_tag","embeddable":true,"href":"https:\/\/indigenous.ie\/ga\/wp-json\/wp\/v2\/product_tag?post=672"}],"curies":[{"name":"wp","href":"https:\/\/api.w.org\/{rel}","templated":true}]}}