{"id":680,"date":"2022-05-05T19:55:11","date_gmt":"2022-05-05T18:55:11","guid":{"rendered":"https:\/\/indigenous.ie\/turas\/cleachtadh-analu\/"},"modified":"2022-07-08T21:48:34","modified_gmt":"2022-07-08T20:48:34","slug":"cleachtadh-analu","status":"publish","type":"product","link":"https:\/\/indigenous.ie\/ga\/turas\/cleachtadh-analu\/","title":{"rendered":"Cleachtadh-An\u00e1l\u00fa"},"content":{"rendered":"","protected":false},"excerpt":{"rendered":"[zoomsounds id=&#8221;breathing&#8221;]\n<p>Is \u00e9 an t-eolas a mb\u00edmid ag obair \u00f3 n\u00e1 go bhfuilimid ag breathe d\u00e1r sinsir. Mar atriall reatha agus buille cro\u00ed a l\u00edne g\u00e9init\u00ed, agus iad ag an\u00e1l\u00fa an tsaoil isteach chugainn, t\u00e1imid ag an\u00e1l\u00fa an tsaoil isteach in\u00e1r gcruth\u00fa coiteann \u2014 \u00e1r sliocht agus tionscadail a thugann muid isteach i mBeith tr\u00ed fhocail agus ar intinn.<\/p>\n<p>Cuirimid deis ar f\u00e1il duit l\u00e9argas a fh\u00e1il ar conas a nascann cleachtais an\u00e1laithe fheidhmi\u00fala le d\u2019oidhreacht chult\u00fartha agus a bhaineann le do neart agus do chumhacht, n\u00f3 Daingean sa Ghaeilge i ngach n\u00f3im\u00e9ad.<\/p>\n<p>I seisi\u00fan den Chleachtadhan\u00e1l\u00fa, beidh t\u00fa i do mh\u00e1istir ar an ardan\u00e1l\u00fa, a bhaineann leis na timthriallta an\u00e1laithe ag feidhmi\u00fa leis na timthriallta n\u00e1d\u00fartha ag tiom\u00e1int gach cuid den bheatha ar domhan.<\/p>\n<p>Foghlaimeoidh t\u00fa conas seachadadh ocsaigine a mh\u00e9ad\u00fa do gach cuid de do chorp. Gheobhaidh t\u00fa scileanna praitici\u00fala chun:<\/p>\n<ul>\n<li>Tuiscint a fh\u00e1il ar do chaidreamh le strus agus br\u00fa ar ais<\/li>\n<li>Cumas aer\u00f3bach agus anaer\u00f3bach a fheabhs\u00fa<\/li>\n<li>Fonn, f\u00f3cas agus treall\u00fas a fheabhs\u00fa<\/li>\n<li>A bheith l\u00e1idir, sl\u00e1inti\u00fail agus in ann maireacht\u00e1il go freagrach<\/li>\n<\/ul>\n<p>Athnascann oiri\u00fanuithe simpl\u00ed th\u00fa le do bhealach an\u00e1laithe d\u00fachasach n\u00e1d\u00fartha. Athfhoghlaim conas an\u00e1l\u00fa a dh\u00e9anamh an gcaoi a ndearna \u00e1r sinsear \u00e1rsa \u00e9 uasmh\u00e9ada\u00edonn s\u00e9 \u00e9ifeacht\u00falacht an\u00e1laithe agus athail\u00edn\u00edonn s\u00e9 cusp\u00f3ir saoil le spriocanna an d\u00falra.<\/p>\n","protected":false},"featured_media":1240,"template":"","meta":[],"product_brand":[],"product_cat":[15,31],"product_tag":[],"class_list":{"0":"post-680","1":"product","2":"type-product","3":"status-publish","4":"has-post-thumbnail","6":"product_cat-uncategorized","7":"product_cat-services-ga","9":"first","10":"instock","11":"virtual","12":"sold-individually","13":"purchasable","14":"product-type-booking"},"yoast_head":"<!-- This site is optimized with the Yoast SEO plugin v26.9 - https:\/\/yoast.com\/product\/yoast-seo-wordpress\/ -->\n<title>Cleachtadh-An\u00e1l\u00fa - Indigenous<\/title>\n<meta name=\"robots\" content=\"index, follow, max-snippet:-1, max-image-preview:large, max-video-preview:-1\" \/>\n<link rel=\"canonical\" href=\"https:\/\/indigenous.ie\/ga\/turas\/cleachtadh-analu\/\" \/>\n<meta property=\"og:locale\" content=\"ga_IE\" \/>\n<meta property=\"og:type\" content=\"article\" \/>\n<meta property=\"og:title\" content=\"Cleachtadh-An\u00e1l\u00fa - Indigenous\" \/>\n<meta property=\"og:description\" content=\"[zoomsounds id=&quot;breathing&quot;]  Is \u00e9 an t-eolas a mb\u00edmid ag obair \u00f3 n\u00e1 go bhfuilimid ag breathe d\u00e1r sinsir. Mar atriall reatha agus buille cro\u00ed a l\u00edne g\u00e9init\u00ed, agus iad ag an\u00e1l\u00fa an tsaoil isteach chugainn, t\u00e1imid ag an\u00e1l\u00fa an tsaoil isteach in\u00e1r gcruth\u00fa coiteann \u2014 \u00e1r sliocht agus tionscadail a thugann muid isteach i mBeith tr\u00ed fhocail agus ar intinn.  Cuirimid deis ar f\u00e1il duit l\u00e9argas a fh\u00e1il ar conas a nascann cleachtais an\u00e1laithe fheidhmi\u00fala le d\u2019oidhreacht chult\u00fartha agus a bhaineann le do neart agus do chumhacht, n\u00f3 Daingean sa Ghaeilge i ngach n\u00f3im\u00e9ad.  I seisi\u00fan den Chleachtadhan\u00e1l\u00fa, beidh t\u00fa i do mh\u00e1istir ar an ardan\u00e1l\u00fa, a bhaineann leis na timthriallta an\u00e1laithe ag feidhmi\u00fa leis na timthriallta n\u00e1d\u00fartha ag tiom\u00e1int gach cuid den bheatha ar domhan.  Foghlaimeoidh t\u00fa conas seachadadh ocsaigine a mh\u00e9ad\u00fa do gach cuid de do chorp. Gheobhaidh t\u00fa scileanna praitici\u00fala chun:   Tuiscint a fh\u00e1il ar do chaidreamh le strus agus br\u00fa ar ais  Cumas aer\u00f3bach agus anaer\u00f3bach a fheabhs\u00fa  Fonn, f\u00f3cas agus treall\u00fas a fheabhs\u00fa  A bheith l\u00e1idir, sl\u00e1inti\u00fail agus in ann maireacht\u00e1il go freagrach  Athnascann oiri\u00fanuithe simpl\u00ed th\u00fa le do bhealach an\u00e1laithe d\u00fachasach n\u00e1d\u00fartha. Athfhoghlaim conas an\u00e1l\u00fa a dh\u00e9anamh an gcaoi a ndearna \u00e1r sinsear \u00e1rsa \u00e9 uasmh\u00e9ada\u00edonn s\u00e9 \u00e9ifeacht\u00falacht an\u00e1laithe agus athail\u00edn\u00edonn s\u00e9 cusp\u00f3ir saoil le spriocanna an d\u00falra.\" \/>\n<meta property=\"og:url\" content=\"https:\/\/indigenous.ie\/ga\/turas\/cleachtadh-analu\/\" \/>\n<meta property=\"og:site_name\" content=\"Indigenous\" \/>\n<meta property=\"article:modified_time\" content=\"2022-07-08T20:48:34+00:00\" \/>\n<meta property=\"og:image\" content=\"https:\/\/indigenous.ie\/wp-content\/uploads\/2022\/05\/IMG_20221022_200647_040-1.webp\" \/>\n\t<meta property=\"og:image:width\" content=\"1440\" \/>\n\t<meta property=\"og:image:height\" content=\"949\" \/>\n\t<meta property=\"og:image:type\" content=\"image\/webp\" \/>\n<meta name=\"twitter:card\" content=\"summary_large_image\" \/>\n<script type=\"application\/ld+json\" class=\"yoast-schema-graph\">{\"@context\":\"https:\/\/schema.org\",\"@graph\":[{\"@type\":\"WebPage\",\"@id\":\"https:\/\/indigenous.ie\/ga\/turas\/cleachtadh-analu\/\",\"url\":\"https:\/\/indigenous.ie\/ga\/turas\/cleachtadh-analu\/\",\"name\":\"Cleachtadh-An\u00e1l\u00fa - Indigenous\",\"isPartOf\":{\"@id\":\"https:\/\/indigenous.ie\/ga\/#website\"},\"primaryImageOfPage\":{\"@id\":\"https:\/\/indigenous.ie\/ga\/turas\/cleachtadh-analu\/#primaryimage\"},\"image\":{\"@id\":\"https:\/\/indigenous.ie\/ga\/turas\/cleachtadh-analu\/#primaryimage\"},\"thumbnailUrl\":\"https:\/\/indigenous.ie\/wp-content\/uploads\/2022\/05\/JAI06641.jpeg\",\"datePublished\":\"2022-05-05T18:55:11+00:00\",\"dateModified\":\"2022-07-08T20:48:34+00:00\",\"breadcrumb\":{\"@id\":\"https:\/\/indigenous.ie\/ga\/turas\/cleachtadh-analu\/#breadcrumb\"},\"inLanguage\":\"ga-IE\",\"potentialAction\":[{\"@type\":\"ReadAction\",\"target\":[\"https:\/\/indigenous.ie\/ga\/turas\/cleachtadh-analu\/\"]}]},{\"@type\":\"ImageObject\",\"inLanguage\":\"ga-IE\",\"@id\":\"https:\/\/indigenous.ie\/ga\/turas\/cleachtadh-analu\/#primaryimage\",\"url\":\"https:\/\/indigenous.ie\/wp-content\/uploads\/2022\/05\/JAI06641.jpeg\",\"contentUrl\":\"https:\/\/indigenous.ie\/wp-content\/uploads\/2022\/05\/JAI06641.jpeg\",\"width\":1200,\"height\":800},{\"@type\":\"BreadcrumbList\",\"@id\":\"https:\/\/indigenous.ie\/ga\/turas\/cleachtadh-analu\/#breadcrumb\",\"itemListElement\":[{\"@type\":\"ListItem\",\"position\":1,\"name\":\"Home\",\"item\":\"https:\/\/indigenous.ie\/\"},{\"@type\":\"ListItem\",\"position\":2,\"name\":\"Shop\",\"item\":\"https:\/\/indigenous.ie\/shop\/\"},{\"@type\":\"ListItem\",\"position\":3,\"name\":\"Cleachtadh-An\u00e1l\u00fa\"}]},{\"@type\":\"WebSite\",\"@id\":\"https:\/\/indigenous.ie\/ga\/#website\",\"url\":\"https:\/\/indigenous.ie\/ga\/\",\"name\":\"Indigenous\",\"description\":\"Indigenous Ireland\",\"potentialAction\":[{\"@type\":\"SearchAction\",\"target\":{\"@type\":\"EntryPoint\",\"urlTemplate\":\"https:\/\/indigenous.ie\/ga\/?s={search_term_string}\"},\"query-input\":{\"@type\":\"PropertyValueSpecification\",\"valueRequired\":true,\"valueName\":\"search_term_string\"}}],\"inLanguage\":\"ga-IE\"}]}<\/script>\n<!-- \/ Yoast SEO plugin. -->","yoast_head_json":{"title":"Cleachtadh-An\u00e1l\u00fa - Indigenous","robots":{"index":"index","follow":"follow","max-snippet":"max-snippet:-1","max-image-preview":"max-image-preview:large","max-video-preview":"max-video-preview:-1"},"canonical":"https:\/\/indigenous.ie\/ga\/turas\/cleachtadh-analu\/","og_locale":"ga_IE","og_type":"article","og_title":"Cleachtadh-An\u00e1l\u00fa - Indigenous","og_description":"[zoomsounds id=\"breathing\"]  Is \u00e9 an t-eolas a mb\u00edmid ag obair \u00f3 n\u00e1 go bhfuilimid ag breathe d\u00e1r sinsir. Mar atriall reatha agus buille cro\u00ed a l\u00edne g\u00e9init\u00ed, agus iad ag an\u00e1l\u00fa an tsaoil isteach chugainn, t\u00e1imid ag an\u00e1l\u00fa an tsaoil isteach in\u00e1r gcruth\u00fa coiteann \u2014 \u00e1r sliocht agus tionscadail a thugann muid isteach i mBeith tr\u00ed fhocail agus ar intinn.  Cuirimid deis ar f\u00e1il duit l\u00e9argas a fh\u00e1il ar conas a nascann cleachtais an\u00e1laithe fheidhmi\u00fala le d\u2019oidhreacht chult\u00fartha agus a bhaineann le do neart agus do chumhacht, n\u00f3 Daingean sa Ghaeilge i ngach n\u00f3im\u00e9ad.  I seisi\u00fan den Chleachtadhan\u00e1l\u00fa, beidh t\u00fa i do mh\u00e1istir ar an ardan\u00e1l\u00fa, a bhaineann leis na timthriallta an\u00e1laithe ag feidhmi\u00fa leis na timthriallta n\u00e1d\u00fartha ag tiom\u00e1int gach cuid den bheatha ar domhan.  Foghlaimeoidh t\u00fa conas seachadadh ocsaigine a mh\u00e9ad\u00fa do gach cuid de do chorp. Gheobhaidh t\u00fa scileanna praitici\u00fala chun:   Tuiscint a fh\u00e1il ar do chaidreamh le strus agus br\u00fa ar ais  Cumas aer\u00f3bach agus anaer\u00f3bach a fheabhs\u00fa  Fonn, f\u00f3cas agus treall\u00fas a fheabhs\u00fa  A bheith l\u00e1idir, sl\u00e1inti\u00fail agus in ann maireacht\u00e1il go freagrach  Athnascann oiri\u00fanuithe simpl\u00ed th\u00fa le do bhealach an\u00e1laithe d\u00fachasach n\u00e1d\u00fartha. Athfhoghlaim conas an\u00e1l\u00fa a dh\u00e9anamh an gcaoi a ndearna \u00e1r sinsear \u00e1rsa \u00e9 uasmh\u00e9ada\u00edonn s\u00e9 \u00e9ifeacht\u00falacht an\u00e1laithe agus athail\u00edn\u00edonn s\u00e9 cusp\u00f3ir saoil le spriocanna an d\u00falra.","og_url":"https:\/\/indigenous.ie\/ga\/turas\/cleachtadh-analu\/","og_site_name":"Indigenous","article_modified_time":"2022-07-08T20:48:34+00:00","og_image":[{"width":1440,"height":949,"url":"https:\/\/indigenous.ie\/wp-content\/uploads\/2022\/05\/IMG_20221022_200647_040-1.webp","type":"image\/webp"}],"twitter_card":"summary_large_image","schema":{"@context":"https:\/\/schema.org","@graph":[{"@type":"WebPage","@id":"https:\/\/indigenous.ie\/ga\/turas\/cleachtadh-analu\/","url":"https:\/\/indigenous.ie\/ga\/turas\/cleachtadh-analu\/","name":"Cleachtadh-An\u00e1l\u00fa - Indigenous","isPartOf":{"@id":"https:\/\/indigenous.ie\/ga\/#website"},"primaryImageOfPage":{"@id":"https:\/\/indigenous.ie\/ga\/turas\/cleachtadh-analu\/#primaryimage"},"image":{"@id":"https:\/\/indigenous.ie\/ga\/turas\/cleachtadh-analu\/#primaryimage"},"thumbnailUrl":"https:\/\/indigenous.ie\/wp-content\/uploads\/2022\/05\/JAI06641.jpeg","datePublished":"2022-05-05T18:55:11+00:00","dateModified":"2022-07-08T20:48:34+00:00","breadcrumb":{"@id":"https:\/\/indigenous.ie\/ga\/turas\/cleachtadh-analu\/#breadcrumb"},"inLanguage":"ga-IE","potentialAction":[{"@type":"ReadAction","target":["https:\/\/indigenous.ie\/ga\/turas\/cleachtadh-analu\/"]}]},{"@type":"ImageObject","inLanguage":"ga-IE","@id":"https:\/\/indigenous.ie\/ga\/turas\/cleachtadh-analu\/#primaryimage","url":"https:\/\/indigenous.ie\/wp-content\/uploads\/2022\/05\/JAI06641.jpeg","contentUrl":"https:\/\/indigenous.ie\/wp-content\/uploads\/2022\/05\/JAI06641.jpeg","width":1200,"height":800},{"@type":"BreadcrumbList","@id":"https:\/\/indigenous.ie\/ga\/turas\/cleachtadh-analu\/#breadcrumb","itemListElement":[{"@type":"ListItem","position":1,"name":"Home","item":"https:\/\/indigenous.ie\/"},{"@type":"ListItem","position":2,"name":"Shop","item":"https:\/\/indigenous.ie\/shop\/"},{"@type":"ListItem","position":3,"name":"Cleachtadh-An\u00e1l\u00fa"}]},{"@type":"WebSite","@id":"https:\/\/indigenous.ie\/ga\/#website","url":"https:\/\/indigenous.ie\/ga\/","name":"Indigenous","description":"Indigenous Ireland","potentialAction":[{"@type":"SearchAction","target":{"@type":"EntryPoint","urlTemplate":"https:\/\/indigenous.ie\/ga\/?s={search_term_string}"},"query-input":{"@type":"PropertyValueSpecification","valueRequired":true,"valueName":"search_term_string"}}],"inLanguage":"ga-IE"}]}},"_links":{"self":[{"href":"https:\/\/indigenous.ie\/ga\/wp-json\/wp\/v2\/product\/680","targetHints":{"allow":["GET"]}}],"collection":[{"href":"https:\/\/indigenous.ie\/ga\/wp-json\/wp\/v2\/product"}],"about":[{"href":"https:\/\/indigenous.ie\/ga\/wp-json\/wp\/v2\/types\/product"}],"wp:featuredmedia":[{"embeddable":true,"href":"https:\/\/indigenous.ie\/ga\/wp-json\/wp\/v2\/media\/1240"}],"wp:attachment":[{"href":"https:\/\/indigenous.ie\/ga\/wp-json\/wp\/v2\/media?parent=680"}],"wp:term":[{"taxonomy":"product_brand","embeddable":true,"href":"https:\/\/indigenous.ie\/ga\/wp-json\/wp\/v2\/product_brand?post=680"},{"taxonomy":"product_cat","embeddable":true,"href":"https:\/\/indigenous.ie\/ga\/wp-json\/wp\/v2\/product_cat?post=680"},{"taxonomy":"product_tag","embeddable":true,"href":"https:\/\/indigenous.ie\/ga\/wp-json\/wp\/v2\/product_tag?post=680"}],"curies":[{"name":"wp","href":"https:\/\/api.w.org\/{rel}","templated":true}]}}