{"id":681,"date":"2022-04-22T20:49:15","date_gmt":"2022-04-22T19:49:15","guid":{"rendered":"https:\/\/indigenous.ie\/turas\/uisce-fuar\/"},"modified":"2022-07-08T21:53:55","modified_gmt":"2022-07-08T20:53:55","slug":"uisce-fuar","status":"publish","type":"product","link":"https:\/\/indigenous.ie\/ga\/turas\/uisce-fuar\/","title":{"rendered":"Uisce Fuar"},"content":{"rendered":"","protected":false},"excerpt":{"rendered":"[zoomsounds id=&#8221;cold-water&#8221;]\n<p><strong class=\"alt-font\"><span data-text-color=\"primary\">Ceaptar go bhfuil go leor bunt\u00e1ist\u00ed ag baint le tumadh Uisce Fuar. <\/span><\/strong><\/p>\n<p>In Indigneous Ireland t\u00e1imid ag d\u00edri\u00fa ar an t\u00e1bhacht a bhaineann len\u00e1r mbitheola\u00edocht a chur i bhfeidhm. T\u00e1imid nasctha go dl\u00fath len\u00e1r mbaile \u2014 na cealla a dh\u00e9anann suas linn sreabh\u00e1n a roinnt leis na haibhneacha, lochanna agus farraig\u00ed timpeall na h\u00e1ite a bhfuil c\u00f3na\u00ed orainn.<\/p>\n<p>De r\u00e9ir mar a dh\u00e1ileann timthriall hidreola\u00edoch an d\u00falra uisce ar fud an \u00e9iceach\u00f3rais, is cinnte go mbainimid leas as uisce \u00f3il \u00far, agus as uisce le nigh agus le himirt ann. Mar sin f\u00e9in, n\u00ed m\u00f3r an acmhainn finideach seo a chosaint, agus foghlaim\u00edmid chun luach a chur ar uisce tr\u00ed bheith gar d\u00f3<\/p>\n<p>Tr\u00ed thumadh in uisce fuar, nascann s\u00e9 sinn go dl\u00fath le timthriallta an d\u00falra \u2014 an timthriall hidrea ag gluaiseacht uisce \u00f3n talamh go dt\u00ed an sp\u00e9ir agus ar ais ar\u00eds \u2014 agus na taoid\u00ed. Mar ghn\u00e1thchleachtas, is f\u00e9idir linn i bhfad n\u00edos m\u00f3 a fhoghlaim faoi chastacht agus \u00e9ags\u00falacht \u00e1r bhfoins\u00ed uisce \u00e1iti\u00fala \u2014 chun tuiscint n\u00edos fearr a fh\u00e1il orthu agus ar an m\u00e9id a theasta\u00edonn uathu chun fanacht sl\u00e1inti\u00fail.<\/p>\n<p>Mar creidimid go l\u00e9ir ruda\u00ed beo, n\u00f3 D\u00faile, aon\u00e1in ina gc\u00f3na\u00ed \u2014 agus t\u00e1 siad cos\u00fail le deirfi\u00faracha agus dearth\u00e1ireacha d\u00fainn- cumars\u00e1id a dh\u00e9anamh le h\u00e1iteanna uisce \u00e9ags\u00fala oscla\u00edonn go rialta suas an domhan saibhir agus comhthairbheach de na caidrimh seo. Cuid\u00edonn \u00e1r gc\u00e9adfa\u00ed leis na heisp\u00e9iris an-difri\u00fail a chaitheamh ag amanna \u00e9ags\u00fala den l\u00e1, den s\u00e9as\u00far agus den bhliain, ag cur f\u00edor-uigeacht na h\u00e1ite amach.<\/p>\n<p>Ar eisp\u00e9ireas D\u00fachasach \u2018Uisce Fhuaire\u2019, nascfaidh t\u00fa le d\u2019fhoinse uisce \u00e1iti\u00fail ar an mbealach seo agus gheobhaidh t\u00fa taca\u00edocht agus treoir uainn chun an \u00e1it a bhfuil t\u00fa ag dul isteach i d\u2019fhoins\u00ed uisce \u00e1iti\u00fala a aimsi\u00fa.<\/p>\n<p>B\u00edonn duine d\u00e1r bhfoireann ag gabh\u00e1il le gn\u00e1thsheisi\u00fan agus maireann s\u00e9 ar feadh 2 uair an chloig. \u00c1ir\u00edtear leis sin comhth\u00e9acs a shol\u00e1thar faoin \u00e1it, sn\u00e1mh ghearr san uisce agus \u00e1r dtuiscint ar bhith\u00e9ags\u00falacht do cheantair a dhoimhni\u00fa \u2014 agus conas is f\u00e9idir leat do nasc leis a uasmh\u00e9ad\u00fa agus a choth\u00fa.<\/p>\n","protected":false},"featured_media":1195,"template":"","meta":[],"product_brand":[],"product_cat":[31],"product_tag":[],"class_list":{"0":"post-681","1":"product","2":"type-product","3":"status-publish","4":"has-post-thumbnail","6":"product_cat-services-ga","8":"first","9":"instock","10":"virtual","11":"sold-individually","12":"purchasable","13":"product-type-booking"},"yoast_head":"<!-- This site is optimized with the Yoast SEO plugin v26.9 - https:\/\/yoast.com\/product\/yoast-seo-wordpress\/ -->\n<title>Uisce Fuar - Indigenous<\/title>\n<meta name=\"robots\" content=\"index, follow, max-snippet:-1, max-image-preview:large, max-video-preview:-1\" \/>\n<link rel=\"canonical\" href=\"https:\/\/indigenous.ie\/ga\/turas\/uisce-fuar\/\" \/>\n<meta property=\"og:locale\" content=\"ga_IE\" \/>\n<meta property=\"og:type\" content=\"article\" \/>\n<meta property=\"og:title\" content=\"Uisce Fuar - Indigenous\" \/>\n<meta property=\"og:description\" content=\"[zoomsounds id=&quot;cold-water&quot;]  Ceaptar go bhfuil go leor bunt\u00e1ist\u00ed ag baint le tumadh Uisce Fuar.   In Indigneous Ireland t\u00e1imid ag d\u00edri\u00fa ar an t\u00e1bhacht a bhaineann len\u00e1r mbitheola\u00edocht a chur i bhfeidhm. T\u00e1imid nasctha go dl\u00fath len\u00e1r mbaile \u2014 na cealla a dh\u00e9anann suas linn sreabh\u00e1n a roinnt leis na haibhneacha, lochanna agus farraig\u00ed timpeall na h\u00e1ite a bhfuil c\u00f3na\u00ed orainn.  De r\u00e9ir mar a dh\u00e1ileann timthriall hidreola\u00edoch an d\u00falra uisce ar fud an \u00e9iceach\u00f3rais, is cinnte go mbainimid leas as uisce \u00f3il \u00far, agus as uisce le nigh agus le himirt ann. Mar sin f\u00e9in, n\u00ed m\u00f3r an acmhainn finideach seo a chosaint, agus foghlaim\u00edmid chun luach a chur ar uisce tr\u00ed bheith gar d\u00f3  Tr\u00ed thumadh in uisce fuar, nascann s\u00e9 sinn go dl\u00fath le timthriallta an d\u00falra \u2014 an timthriall hidrea ag gluaiseacht uisce \u00f3n talamh go dt\u00ed an sp\u00e9ir agus ar ais ar\u00eds \u2014 agus na taoid\u00ed. Mar ghn\u00e1thchleachtas, is f\u00e9idir linn i bhfad n\u00edos m\u00f3 a fhoghlaim faoi chastacht agus \u00e9ags\u00falacht \u00e1r bhfoins\u00ed uisce \u00e1iti\u00fala \u2014 chun tuiscint n\u00edos fearr a fh\u00e1il orthu agus ar an m\u00e9id a theasta\u00edonn uathu chun fanacht sl\u00e1inti\u00fail.  Mar creidimid go l\u00e9ir ruda\u00ed beo, n\u00f3 D\u00faile, aon\u00e1in ina gc\u00f3na\u00ed \u2014 agus t\u00e1 siad cos\u00fail le deirfi\u00faracha agus dearth\u00e1ireacha d\u00fainn- cumars\u00e1id a dh\u00e9anamh le h\u00e1iteanna uisce \u00e9ags\u00fala oscla\u00edonn go rialta suas an domhan saibhir agus comhthairbheach de na caidrimh seo. Cuid\u00edonn \u00e1r gc\u00e9adfa\u00ed leis na heisp\u00e9iris an-difri\u00fail a chaitheamh ag amanna \u00e9ags\u00fala den l\u00e1, den s\u00e9as\u00far agus den bhliain, ag cur f\u00edor-uigeacht na h\u00e1ite amach.  Ar eisp\u00e9ireas D\u00fachasach \u2018Uisce Fhuaire\u2019, nascfaidh t\u00fa le d\u2019fhoinse uisce \u00e1iti\u00fail ar an mbealach seo agus gheobhaidh t\u00fa taca\u00edocht agus treoir uainn chun an \u00e1it a bhfuil t\u00fa ag dul isteach i d\u2019fhoins\u00ed uisce \u00e1iti\u00fala a aimsi\u00fa.  B\u00edonn duine d\u00e1r bhfoireann ag gabh\u00e1il le gn\u00e1thsheisi\u00fan agus maireann s\u00e9 ar feadh 2 uair an chloig. \u00c1ir\u00edtear leis sin comhth\u00e9acs a shol\u00e1thar faoin \u00e1it, sn\u00e1mh ghearr san uisce agus \u00e1r dtuiscint ar bhith\u00e9ags\u00falacht do cheantair a dhoimhni\u00fa \u2014 agus conas is f\u00e9idir leat do nasc leis a uasmh\u00e9ad\u00fa agus a choth\u00fa.\" \/>\n<meta property=\"og:url\" content=\"https:\/\/indigenous.ie\/ga\/turas\/uisce-fuar\/\" \/>\n<meta property=\"og:site_name\" content=\"Indigenous\" \/>\n<meta property=\"article:modified_time\" content=\"2022-07-08T20:53:55+00:00\" \/>\n<meta property=\"og:image\" content=\"https:\/\/indigenous.ie\/wp-content\/uploads\/2022\/04\/WhatsApp-Image-2025-05-22-at-19.24.56-3.jpeg\" \/>\n\t<meta property=\"og:image:width\" content=\"1200\" \/>\n\t<meta property=\"og:image:height\" content=\"900\" \/>\n\t<meta property=\"og:image:type\" content=\"image\/jpeg\" \/>\n<meta name=\"twitter:card\" content=\"summary_large_image\" \/>\n<script type=\"application\/ld+json\" class=\"yoast-schema-graph\">{\"@context\":\"https:\/\/schema.org\",\"@graph\":[{\"@type\":\"WebPage\",\"@id\":\"https:\/\/indigenous.ie\/ga\/turas\/uisce-fuar\/\",\"url\":\"https:\/\/indigenous.ie\/ga\/turas\/uisce-fuar\/\",\"name\":\"Uisce Fuar - Indigenous\",\"isPartOf\":{\"@id\":\"https:\/\/indigenous.ie\/ga\/#website\"},\"primaryImageOfPage\":{\"@id\":\"https:\/\/indigenous.ie\/ga\/turas\/uisce-fuar\/#primaryimage\"},\"image\":{\"@id\":\"https:\/\/indigenous.ie\/ga\/turas\/uisce-fuar\/#primaryimage\"},\"thumbnailUrl\":\"https:\/\/indigenous.ie\/wp-content\/uploads\/2022\/04\/WhatsApp-Image-2025-05-22-at-19.24.56-3.jpeg\",\"datePublished\":\"2022-04-22T19:49:15+00:00\",\"dateModified\":\"2022-07-08T20:53:55+00:00\",\"breadcrumb\":{\"@id\":\"https:\/\/indigenous.ie\/ga\/turas\/uisce-fuar\/#breadcrumb\"},\"inLanguage\":\"ga-IE\",\"potentialAction\":[{\"@type\":\"ReadAction\",\"target\":[\"https:\/\/indigenous.ie\/ga\/turas\/uisce-fuar\/\"]}]},{\"@type\":\"ImageObject\",\"inLanguage\":\"ga-IE\",\"@id\":\"https:\/\/indigenous.ie\/ga\/turas\/uisce-fuar\/#primaryimage\",\"url\":\"https:\/\/indigenous.ie\/wp-content\/uploads\/2022\/04\/WhatsApp-Image-2025-05-22-at-19.24.56-3.jpeg\",\"contentUrl\":\"https:\/\/indigenous.ie\/wp-content\/uploads\/2022\/04\/WhatsApp-Image-2025-05-22-at-19.24.56-3.jpeg\",\"width\":1200,\"height\":900},{\"@type\":\"BreadcrumbList\",\"@id\":\"https:\/\/indigenous.ie\/ga\/turas\/uisce-fuar\/#breadcrumb\",\"itemListElement\":[{\"@type\":\"ListItem\",\"position\":1,\"name\":\"Home\",\"item\":\"https:\/\/indigenous.ie\/\"},{\"@type\":\"ListItem\",\"position\":2,\"name\":\"Shop\",\"item\":\"https:\/\/indigenous.ie\/shop\/\"},{\"@type\":\"ListItem\",\"position\":3,\"name\":\"Uisce Fuar\"}]},{\"@type\":\"WebSite\",\"@id\":\"https:\/\/indigenous.ie\/ga\/#website\",\"url\":\"https:\/\/indigenous.ie\/ga\/\",\"name\":\"Indigenous\",\"description\":\"Indigenous Ireland\",\"potentialAction\":[{\"@type\":\"SearchAction\",\"target\":{\"@type\":\"EntryPoint\",\"urlTemplate\":\"https:\/\/indigenous.ie\/ga\/?s={search_term_string}\"},\"query-input\":{\"@type\":\"PropertyValueSpecification\",\"valueRequired\":true,\"valueName\":\"search_term_string\"}}],\"inLanguage\":\"ga-IE\"}]}<\/script>\n<!-- \/ Yoast SEO plugin. -->","yoast_head_json":{"title":"Uisce Fuar - Indigenous","robots":{"index":"index","follow":"follow","max-snippet":"max-snippet:-1","max-image-preview":"max-image-preview:large","max-video-preview":"max-video-preview:-1"},"canonical":"https:\/\/indigenous.ie\/ga\/turas\/uisce-fuar\/","og_locale":"ga_IE","og_type":"article","og_title":"Uisce Fuar - Indigenous","og_description":"[zoomsounds id=\"cold-water\"]  Ceaptar go bhfuil go leor bunt\u00e1ist\u00ed ag baint le tumadh Uisce Fuar.   In Indigneous Ireland t\u00e1imid ag d\u00edri\u00fa ar an t\u00e1bhacht a bhaineann len\u00e1r mbitheola\u00edocht a chur i bhfeidhm. T\u00e1imid nasctha go dl\u00fath len\u00e1r mbaile \u2014 na cealla a dh\u00e9anann suas linn sreabh\u00e1n a roinnt leis na haibhneacha, lochanna agus farraig\u00ed timpeall na h\u00e1ite a bhfuil c\u00f3na\u00ed orainn.  De r\u00e9ir mar a dh\u00e1ileann timthriall hidreola\u00edoch an d\u00falra uisce ar fud an \u00e9iceach\u00f3rais, is cinnte go mbainimid leas as uisce \u00f3il \u00far, agus as uisce le nigh agus le himirt ann. Mar sin f\u00e9in, n\u00ed m\u00f3r an acmhainn finideach seo a chosaint, agus foghlaim\u00edmid chun luach a chur ar uisce tr\u00ed bheith gar d\u00f3  Tr\u00ed thumadh in uisce fuar, nascann s\u00e9 sinn go dl\u00fath le timthriallta an d\u00falra \u2014 an timthriall hidrea ag gluaiseacht uisce \u00f3n talamh go dt\u00ed an sp\u00e9ir agus ar ais ar\u00eds \u2014 agus na taoid\u00ed. Mar ghn\u00e1thchleachtas, is f\u00e9idir linn i bhfad n\u00edos m\u00f3 a fhoghlaim faoi chastacht agus \u00e9ags\u00falacht \u00e1r bhfoins\u00ed uisce \u00e1iti\u00fala \u2014 chun tuiscint n\u00edos fearr a fh\u00e1il orthu agus ar an m\u00e9id a theasta\u00edonn uathu chun fanacht sl\u00e1inti\u00fail.  Mar creidimid go l\u00e9ir ruda\u00ed beo, n\u00f3 D\u00faile, aon\u00e1in ina gc\u00f3na\u00ed \u2014 agus t\u00e1 siad cos\u00fail le deirfi\u00faracha agus dearth\u00e1ireacha d\u00fainn- cumars\u00e1id a dh\u00e9anamh le h\u00e1iteanna uisce \u00e9ags\u00fala oscla\u00edonn go rialta suas an domhan saibhir agus comhthairbheach de na caidrimh seo. Cuid\u00edonn \u00e1r gc\u00e9adfa\u00ed leis na heisp\u00e9iris an-difri\u00fail a chaitheamh ag amanna \u00e9ags\u00fala den l\u00e1, den s\u00e9as\u00far agus den bhliain, ag cur f\u00edor-uigeacht na h\u00e1ite amach.  Ar eisp\u00e9ireas D\u00fachasach \u2018Uisce Fhuaire\u2019, nascfaidh t\u00fa le d\u2019fhoinse uisce \u00e1iti\u00fail ar an mbealach seo agus gheobhaidh t\u00fa taca\u00edocht agus treoir uainn chun an \u00e1it a bhfuil t\u00fa ag dul isteach i d\u2019fhoins\u00ed uisce \u00e1iti\u00fala a aimsi\u00fa.  B\u00edonn duine d\u00e1r bhfoireann ag gabh\u00e1il le gn\u00e1thsheisi\u00fan agus maireann s\u00e9 ar feadh 2 uair an chloig. \u00c1ir\u00edtear leis sin comhth\u00e9acs a shol\u00e1thar faoin \u00e1it, sn\u00e1mh ghearr san uisce agus \u00e1r dtuiscint ar bhith\u00e9ags\u00falacht do cheantair a dhoimhni\u00fa \u2014 agus conas is f\u00e9idir leat do nasc leis a uasmh\u00e9ad\u00fa agus a choth\u00fa.","og_url":"https:\/\/indigenous.ie\/ga\/turas\/uisce-fuar\/","og_site_name":"Indigenous","article_modified_time":"2022-07-08T20:53:55+00:00","og_image":[{"width":1200,"height":900,"url":"https:\/\/indigenous.ie\/wp-content\/uploads\/2022\/04\/WhatsApp-Image-2025-05-22-at-19.24.56-3.jpeg","type":"image\/jpeg"}],"twitter_card":"summary_large_image","schema":{"@context":"https:\/\/schema.org","@graph":[{"@type":"WebPage","@id":"https:\/\/indigenous.ie\/ga\/turas\/uisce-fuar\/","url":"https:\/\/indigenous.ie\/ga\/turas\/uisce-fuar\/","name":"Uisce Fuar - Indigenous","isPartOf":{"@id":"https:\/\/indigenous.ie\/ga\/#website"},"primaryImageOfPage":{"@id":"https:\/\/indigenous.ie\/ga\/turas\/uisce-fuar\/#primaryimage"},"image":{"@id":"https:\/\/indigenous.ie\/ga\/turas\/uisce-fuar\/#primaryimage"},"thumbnailUrl":"https:\/\/indigenous.ie\/wp-content\/uploads\/2022\/04\/WhatsApp-Image-2025-05-22-at-19.24.56-3.jpeg","datePublished":"2022-04-22T19:49:15+00:00","dateModified":"2022-07-08T20:53:55+00:00","breadcrumb":{"@id":"https:\/\/indigenous.ie\/ga\/turas\/uisce-fuar\/#breadcrumb"},"inLanguage":"ga-IE","potentialAction":[{"@type":"ReadAction","target":["https:\/\/indigenous.ie\/ga\/turas\/uisce-fuar\/"]}]},{"@type":"ImageObject","inLanguage":"ga-IE","@id":"https:\/\/indigenous.ie\/ga\/turas\/uisce-fuar\/#primaryimage","url":"https:\/\/indigenous.ie\/wp-content\/uploads\/2022\/04\/WhatsApp-Image-2025-05-22-at-19.24.56-3.jpeg","contentUrl":"https:\/\/indigenous.ie\/wp-content\/uploads\/2022\/04\/WhatsApp-Image-2025-05-22-at-19.24.56-3.jpeg","width":1200,"height":900},{"@type":"BreadcrumbList","@id":"https:\/\/indigenous.ie\/ga\/turas\/uisce-fuar\/#breadcrumb","itemListElement":[{"@type":"ListItem","position":1,"name":"Home","item":"https:\/\/indigenous.ie\/"},{"@type":"ListItem","position":2,"name":"Shop","item":"https:\/\/indigenous.ie\/shop\/"},{"@type":"ListItem","position":3,"name":"Uisce Fuar"}]},{"@type":"WebSite","@id":"https:\/\/indigenous.ie\/ga\/#website","url":"https:\/\/indigenous.ie\/ga\/","name":"Indigenous","description":"Indigenous Ireland","potentialAction":[{"@type":"SearchAction","target":{"@type":"EntryPoint","urlTemplate":"https:\/\/indigenous.ie\/ga\/?s={search_term_string}"},"query-input":{"@type":"PropertyValueSpecification","valueRequired":true,"valueName":"search_term_string"}}],"inLanguage":"ga-IE"}]}},"_links":{"self":[{"href":"https:\/\/indigenous.ie\/ga\/wp-json\/wp\/v2\/product\/681","targetHints":{"allow":["GET"]}}],"collection":[{"href":"https:\/\/indigenous.ie\/ga\/wp-json\/wp\/v2\/product"}],"about":[{"href":"https:\/\/indigenous.ie\/ga\/wp-json\/wp\/v2\/types\/product"}],"wp:featuredmedia":[{"embeddable":true,"href":"https:\/\/indigenous.ie\/ga\/wp-json\/wp\/v2\/media\/1195"}],"wp:attachment":[{"href":"https:\/\/indigenous.ie\/ga\/wp-json\/wp\/v2\/media?parent=681"}],"wp:term":[{"taxonomy":"product_brand","embeddable":true,"href":"https:\/\/indigenous.ie\/ga\/wp-json\/wp\/v2\/product_brand?post=681"},{"taxonomy":"product_cat","embeddable":true,"href":"https:\/\/indigenous.ie\/ga\/wp-json\/wp\/v2\/product_cat?post=681"},{"taxonomy":"product_tag","embeddable":true,"href":"https:\/\/indigenous.ie\/ga\/wp-json\/wp\/v2\/product_tag?post=681"}],"curies":[{"name":"wp","href":"https:\/\/api.w.org\/{rel}","templated":true}]}}